{"id":1060,"date":"2020-05-06T14:16:38","date_gmt":"2020-05-06T14:16:38","guid":{"rendered":"https:\/\/www.nordic-leads.fi\/tjenester\/"},"modified":"2022-04-27T09:57:19","modified_gmt":"2022-04-27T09:57:19","slug":"tjenester","status":"publish","type":"page","link":"https:\/\/www.nordic-leads.fi\/da\/tjenester\/","title":{"rendered":"Tjenester"},"content":{"rendered":"<style type=\"text\/css\">@media only screen and (min-width: 1000px) and (max-width: 5000px){html body .kc-css-511360{width: 33.33%;}html body .kc-css-854799{width: 33.33%;}html body .kc-css-701129{width: 33.33%;}html body .kc-css-116319{width: 50%;}html body .kc-css-452157{width: 50%;}html body .kc-css-155032{width: 50%;}html body .kc-css-689092{width: 50%;}}html body .kc-css-271706{font-family: Fjalla One;}html body .kc-css-263813 .divider_inner{border-color: #000000;border-style: dotted;border-width: 5px;}html body .kc-css-507311 ,html body .kc-css-507311 p{color: #ededed;font-family: Fjalla One;}html body .kc-css-195362 ,html body .kc-css-195362 p{color: #ededed;font-family: Fjalla One;}html body .kc-css-758179 ,html body .kc-css-758179 p{color: #ededed;font-family: Fjalla One;}html body .kc-css-272632{text-align: center;}html body .kc-css-750318 .divider_inner{border-color: #000000;border-style: dotted;border-width: 5px;}html body .kc-css-28610 ,html body .kc-css-28610 p{color: #ededed;font-family: Fjalla One;}html body .kc-css-174117{text-align: center;}html body .kc-css-156637 .divider_inner{border-color: #000000;border-style: dotted;border-width: 5px;}html body .kc-css-828484{text-align: center;}html body .kc-css-683099 .kc-cta-desc h2{font-family: Fjalla One;}html body .kc-css-683099 .kc-cta-button a{color: #ffffff;background-color: #3019ff;font-family: Fjalla One;}<\/style>\n<section class=\"kc-elm kc-css-122109 kc_row\">\n<div class=\"kc-row-container kc-container\">\n<div class=\"kc-wrap-columns\">\n<div class=\"kc-elm kc-css-248750 kc_col-sm-12 kc_column kc_col-sm-12\">\n<div class=\"kc-col-container\">\n<div class=\"kc-elm kc-css-871104\" style=\"height: 51px; clear: both; width:100%;\"><\/div>\n<\/div>\n<\/div>\n<\/div>\n<\/div>\n<\/section>\n<section class=\"kc-elm kc-css-271706 kc_row\">\n<div class=\"kc-row-container kc-container\">\n<div class=\"kc-wrap-columns\">\n<div class=\"kc-elm kc-css-485398 kc_col-sm-12 kc_column kc_col-sm-12\">\n<div class=\"kc-col-container\">\n<div class=\"kc-elm kc-css-492588 kc_text_block\">\n<p><span style=\"color: #272727; font-family: &#039;Fjalla One&#039;; font-size: 28px;\">Driven by data we change minds through creativity. Generate ideas using smart data strategies. Push the boundaries of what is possible in technology. Together we bring ideas to life. Full service. End to end.<\/span><\/p>\n<\/div>\n<\/div>\n<\/div>\n<\/div>\n<\/div>\n<\/section>\n<section class=\"kc-elm kc-css-9651 kc_row\">\n<div class=\"kc-row-container kc-container\">\n<div class=\"kc-wrap-columns\">\n<div class=\"kc-elm kc-css-833077 kc_col-sm-12 kc_column kc_col-sm-12\">\n<div class=\"kc-col-container\">\n<div class=\"kc-elm kc-css-966865\" style=\"height: 16px; clear: both; width:100%;\"><\/div>\n<\/div>\n<\/div>\n<\/div>\n<\/div>\n<\/section>\n<section class=\"kc-elm kc-css-202885 kc_row\">\n<div class=\"kc-row-container kc-container\">\n<div class=\"kc-wrap-columns\">\n<div class=\"kc-elm kc-css-35878 kc_col-sm-12 kc_column kc_col-sm-12\">\n<div class=\"kc-col-container\">\n<div class=\"kc-elm kc-css-263813 divider_line\">\n<div class=\"divider_inner divider_line1\">\t\t\t<\/div>\n<\/div>\n<\/div>\n<\/div>\n<\/div>\n<\/div>\n<\/section>\n<section class=\"kc-elm kc-css-136508 kc_row\">\n<div class=\"kc-row-container kc-container\">\n<div class=\"kc-wrap-columns\">\n<div class=\"kc-elm kc-css-511360 kc_col-sm-4 kc_column kc_col-sm-4\">\n<div class=\"kc-col-container\">\n<div class=\"kc-elm kc-css-507311 kc_text_block\">\n<p><span style=\"color: #272727; font-family: Fjalla One;\"><span style=\"font-size: 30px; text-transform: uppercase;\">STRATEGY &amp; CONSULTING<\/span><\/span><\/p>\n<p style=\"box-sizing: border-box; margin: 0px 0px 20px; padding: 0px;\"><span style=\"color: #272727; font-family: Fjalla One;\"><span style=\"font-size: 17px;\">Sometimes you have to reinvent your company in order to stay at the top of your game. We seek innovations for the long and short term, always with speed and relevance as the main focus. <\/span><\/span><\/p>\n<\/div>\n<\/div>\n<\/div>\n<div class=\"kc-elm kc-css-854799 kc_col-sm-4 kc_column kc_col-sm-4\">\n<div class=\"kc-col-container\">\n<div class=\"kc-elm kc-css-195362 kc_text_block\">\n<p><span style=\"color: #272727; font-family: Fjalla One;\"><span style=\"font-size: 30px; text-transform: uppercase;\">SEGMENTATION &amp; TARGETING<\/span><\/span><\/p>\n<p style=\"box-sizing: border-box; margin-top: 0px; margin-bottom: 20px; padding: 0px;\"><span style=\"color: #272727; font-family: Fjalla One;\"><span style=\"font-size: 17px;\">Segmentation and Targeting will help you identify your potentially most profitable customers. You will gain deeper insights leading to personalized communication and relevance in all touch-points.<\/span><\/span><\/p>\n<\/div>\n<\/div>\n<\/div>\n<div class=\"kc-elm kc-css-701129 kc_col-sm-4 kc_column kc_col-sm-4\">\n<div class=\"kc-col-container\">\n<div class=\"kc-elm kc-css-758179 kc_text_block\">\n<p><span style=\"color: #272727; font-family: Fjalla One;\"><span style=\"font-size: 30px; text-transform: uppercase;\">OMNICHANNEL MARKETING<\/span><\/span><\/p>\n<p style=\"box-sizing: border-box; margin-top: 0px; margin-bottom: 20px; padding: 0px;\"><span style=\"color: #272727; font-family: Fjalla One;\"><span style=\"font-size: 17px;\">With omnichannel marketing you can reach the right audience at the right time across multiple channels. Synchronized pinpointing of target groups will optimize growth and increase ROI.<\/span><\/span><\/p>\n<\/div>\n<\/div>\n<\/div>\n<\/div>\n<\/div>\n<\/section>\n<section class=\"kc-elm kc-css-222153 kc_row\">\n<div class=\"kc-row-container kc-container\">\n<div class=\"kc-wrap-columns\">\n<div class=\"kc-elm kc-css-449133 kc_col-sm-12 kc_column kc_col-sm-12\">\n<div class=\"kc-col-container\">\n<div class=\"kc-elm kc-css-272632 kc_shortcode kc_single_image\">        <img decoding=\"async\" src=\"http:\/\/www.nordic-leads.fi\/wp-content\/uploads\/2020\/06\/service-1.png\" class=\"\" alt=\"Digital consulting services @ Nordic Leads\" \/>    <\/div>\n<\/div>\n<\/div>\n<\/div>\n<\/div>\n<\/section>\n<section class=\"kc-elm kc-css-100346 kc_row\">\n<div class=\"kc-row-container kc-container\">\n<div class=\"kc-wrap-columns\">\n<div class=\"kc-elm kc-css-640307 kc_col-sm-12 kc_column kc_col-sm-12\">\n<div class=\"kc-col-container\">\n<div class=\"kc-elm kc-css-750318 divider_line\">\n<div class=\"divider_inner divider_line1\">\t\t\t<\/div>\n<\/div>\n<\/div>\n<\/div>\n<\/div>\n<\/div>\n<\/section>\n<section class=\"kc-elm kc-css-471472 kc_row\">\n<div class=\"kc-row-container kc-container\">\n<div class=\"kc-wrap-columns\">\n<div class=\"kc-elm kc-css-116319 kc_col-sm-6 kc_column kc_col-sm-6\">\n<div class=\"kc-col-container\">\n<div class=\"kc-elm kc-css-28610 kc_text_block\">\n<h3 class=\"u-h2 content-two-col__title\" style=\"box-sizing: border-box; margin: 0px 0px 30px; padding: 0px; font-family: &#039;ff good headline pro xcond&#039;, &#039;arial narrow&#039;, impact, sans-serif; line-height: 0.76667; text-transform: uppercase; font-size: 60px; hyphens: none; color: #272727;\"><span style=\"font-family: &#039;Fjalla One&#039;; font-size: 30px;\">DIGITAL TEAMS<\/span><\/h3>\n<p style=\"box-sizing: border-box; margin: 0px 0px 20px; padding: 0px; color: #272727; font-family: &#039;maison neue&#039;, &#039;helvetica neue&#039;, arial, sans-serif; font-size: 17px;\"><span style=\"font-family: &#039;Fjalla One&#039;;\">The pace of change is high. Your customers change, your competitors change and business models change. Sometimes you have to reinvent your company in order to stay at the top of your game. Digital teams are a flexible team of proven experts to help you with every stage of this digital transformation.<\/span><\/p>\n<\/div>\n<\/div>\n<\/div>\n<div class=\"kc-elm kc-css-452157 kc_col-sm-6 kc_column kc_col-sm-6\">\n<div class=\"kc-col-container\">\n<div class=\"kc-elm kc-css-431089 kc_text_block\">\n<h3 class=\"u-h2 content-two-col__title\" style=\"box-sizing: border-box; margin: 0px 0px 30px; padding: 0px; font-family: &#039;ff good headline pro xcond&#039;, &#039;arial narrow&#039;, impact, sans-serif; line-height: 0.76667; text-transform: uppercase; font-size: 60px; hyphens: none; color: #272727;\"><span style=\"font-family: &#039;Fjalla One&#039;; font-size: 30px;\">DESIGN &#038; TECHNOLOGY<\/span><\/h3>\n<p style=\"box-sizing: border-box; margin: 0px 0px 20px; padding: 0px; color: #272727; font-family: &#039;maison neue&#039;, &#039;helvetica neue&#039;, arial, sans-serif; font-size: 17px;\"><span style=\"font-family: &#039;Fjalla One&#039;; font-size: 16px;\">Our digital team designs and creates experiences that put the user first. They build the tools and put the platforms in place that accelerate digital growth. And once your digital reality is live, they support and enable your teams to continuously measure and evolve. Because the digital reality is here for the long-run.<\/span><\/p>\n<\/div>\n<\/div>\n<\/div>\n<\/div>\n<\/div>\n<\/section>\n<section class=\"kc-elm kc-css-325312 kc_row\">\n<div class=\"kc-row-container kc-container\">\n<div class=\"kc-wrap-columns\">\n<div class=\"kc-elm kc-css-840183 kc_col-sm-12 kc_column kc_col-sm-12\">\n<div class=\"kc-col-container\">\n<div class=\"kc-elm kc-css-174117 kc_shortcode kc_single_image\">        <img decoding=\"async\" src=\"http:\/\/www.nordic-leads.fi\/wp-content\/uploads\/2020\/06\/service-3.png\" class=\"\" alt=\"Smarter Growth @ Nordic Leads\" \/>    <\/div>\n<div class=\"kc-elm kc-css-343687\" style=\"height: 51px; clear: both; width:100%;\"><\/div>\n<\/div>\n<\/div>\n<\/div>\n<\/div>\n<\/section>\n<section class=\"kc-elm kc-css-500740 kc_row\">\n<div class=\"kc-row-container kc-container\">\n<div class=\"kc-wrap-columns\">\n<div class=\"kc-elm kc-css-799777 kc_col-sm-12 kc_column kc_col-sm-12\">\n<div class=\"kc-col-container\">\n<div class=\"kc-elm kc-css-156637 divider_line\">\n<div class=\"divider_inner divider_line1\">\t\t\t<\/div>\n<\/div>\n<\/div>\n<\/div>\n<\/div>\n<\/div>\n<\/section>\n<section class=\"kc-elm kc-css-956316 kc_row\">\n<div class=\"kc-row-container kc-container\">\n<div class=\"kc-wrap-columns\">\n<div class=\"kc-elm kc-css-155032 kc_col-sm-6 kc_column kc_col-sm-6\">\n<div class=\"kc-col-container\">\n<div class=\"kc-elm kc-css-231916 kc_text_block\">\n<h3 class=\"u-h2 content-two-col__title\" style=\"box-sizing: border-box; margin: 0px 0px 30px; padding: 0px; font-family: &#039;ff good headline pro xcond&#039;, &#039;arial narrow&#039;, impact, sans-serif; line-height: 0.76667; text-transform: uppercase; font-size: 60px; hyphens: none; color: #272727;\"><span style=\"font-size: 30px; font-family: &#039;Fjalla One&#039;;\">CUSTOMER GENERATION<\/span><\/h3>\n<p style=\"box-sizing: border-box; margin: 0px 0px 20px; padding: 0px; color: #272727; font-family: &#039;maison neue&#039;, &#039;helvetica neue&#039;, arial, sans-serif; font-size: 17px;\"><span style=\"font-family: &#039;Fjalla One&#039;; font-size: 16px;\">We bring together proprietary technology and world-class marketing expertise to find active customers locally and globally.<br \/>Our products and account management support your growth without upfront costs or lengthy contracts. As we are driven by data we hope to change minds through our creativity. <\/span><\/p>\n<\/div>\n<\/div>\n<\/div>\n<div class=\"kc-elm kc-css-689092 kc_col-sm-6 kc_column kc_col-sm-6\">\n<div class=\"kc-col-container\">\n<div class=\"kc-elm kc-css-634908 kc_text_block\">\n<h3 class=\"u-h2 content-two-col__title\" style=\"box-sizing: border-box; margin: 0px 0px 30px; padding: 0px; font-family: &#039;ff good headline pro xcond&#039;, &#039;arial narrow&#039;, impact, sans-serif; line-height: 0.76667; text-transform: uppercase; font-size: 60px; hyphens: none; color: #272727;\"><span style=\"font-size: 30px; font-family: &#039;Fjalla One&#039;;\">SMARTER GROWTH<\/span><\/h3>\n<p style=\"box-sizing: border-box; margin: 0px 0px 20px; padding: 0px; color: #272727; font-family: &#039;maison neue&#039;, &#039;helvetica neue&#039;, arial, sans-serif; font-size: 17px;\"><span style=\"font-family: &#039;Fjalla One&#039;; font-size: 16px;\">We solutions to access new customers and markets globally. Our custom solutions generates quality sales on a pay-per-lead basis, which provides a transparent ROI, and a profitable and scalable source of growth.<\/span><\/p>\n<\/div>\n<\/div>\n<\/div>\n<\/div>\n<\/div>\n<\/section>\n<section class=\"kc-elm kc-css-670438 kc_row\">\n<div class=\"kc-row-container kc-container\">\n<div class=\"kc-wrap-columns\">\n<div class=\"kc-elm kc-css-307511 kc_col-sm-12 kc_column kc_col-sm-12\">\n<div class=\"kc-col-container\">\n<div class=\"kc-elm kc-css-828484 kc_shortcode kc_single_image\">        <img decoding=\"async\" src=\"http:\/\/www.nordic-leads.fi\/wp-content\/uploads\/2020\/06\/service-2.png\" class=\"\" alt=\"Contact flow @ Nordic Leads\" \/>    <\/div>\n<div class=\"kc-elm kc-css-537003\" style=\"height: 51px; clear: both; width:100%;\"><\/div>\n<\/div>\n<\/div>\n<\/div>\n<\/div>\n<\/section>\n<section class=\"kc-elm kc-css-437683 kc_row\">\n<div class=\"kc-row-container kc-container\">\n<div class=\"kc-wrap-columns\">\n<div class=\"kc-elm kc-css-171275 kc_col-sm-12 kc_column kc_col-sm-12\">\n<div class=\"kc-col-container\">\n<div class=\"kc-elm kc-css-683099 kc-call-to-action kc-cta-3 kc-is-button\">\n<div class=\"kc-cta-desc\">\n<h2>CONTACT US TO FIND OUT MORE<\/h2>\n<div class=\"kc-cta-text\">We are eager to hear from you!<\/div>\n<\/div>\n<div class=\"kc-cta-button\"><a href=\"http:\/\/www.nordic-leads.fi\/contact-us\/\" title=\"Contact\">Contact us! <\/a><\/div>\n<\/div>\n<\/div>\n<\/div>\n<\/div>\n<\/div>\n<\/section>\n<section class=\"kc-elm kc-css-6643 kc_row\">\n<div class=\"kc-row-container kc-container\">\n<div class=\"kc-wrap-columns\">\n<div class=\"kc-elm kc-css-702854 kc_col-sm-12 kc_column kc_col-sm-12\">\n<div class=\"kc-col-container\">\n<div class=\"kc-elm kc-css-79072\" style=\"height: 101px; clear: both; width:100%;\"><\/div>\n<\/div>\n<\/div>\n<\/div>\n<\/div>\n<\/section>\n","protected":false},"excerpt":{"rendered":"<p>Driven by data we change minds through creativity. Generate ideas using smart data strategies. Push the boundaries of what is possible in technology. Together we bring ideas to life. Full&#8230;<\/p>\n","protected":false},"author":2,"featured_media":0,"parent":0,"menu_order":0,"comment_status":"closed","ping_status":"closed","template":"","meta":{"footnotes":""},"class_list":["post-1060","page","type-page","status-publish"],"yoast_head":"<!-- This site is optimized with the Yoast SEO plugin v25.0 - https:\/\/yoast.com\/wordpress\/plugins\/seo\/ -->\n<title>NORDICLEADS | Tjenester<\/title>\n<meta name=\"description\" content=\"Drevet af data \u00e6ndrer vi mening gennem kreativitet. Generer ideer ved hj\u00e6lp af smarte datastrategier. Med vores datal\u00f8sninger sikrer vi, at du n\u00e5r dine salgsm\u00e5l\" \/>\n<meta name=\"robots\" content=\"index, follow, max-snippet:-1, max-image-preview:large, max-video-preview:-1\" \/>\n<link rel=\"canonical\" href=\"https:\/\/www.nordic-leads.fi\/da\/tjenester\/\" \/>\n<meta property=\"og:locale\" content=\"da_DK\" \/>\n<meta property=\"og:type\" content=\"article\" \/>\n<meta property=\"og:title\" content=\"NORDICLEADS | Tjenester\" \/>\n<meta property=\"og:description\" content=\"Drevet af data \u00e6ndrer vi mening gennem kreativitet. Generer ideer ved hj\u00e6lp af smarte datastrategier. Med vores datal\u00f8sninger sikrer vi, at du n\u00e5r dine salgsm\u00e5l\" \/>\n<meta property=\"og:url\" content=\"https:\/\/www.nordic-leads.fi\/da\/tjenester\/\" \/>\n<meta property=\"og:site_name\" content=\"NORDICLEADS\" \/>\n<meta property=\"article:modified_time\" content=\"2022-04-27T09:57:19+00:00\" \/>\n<meta property=\"og:image\" content=\"http:\/\/www.nordic-leads.fi\/wp-content\/uploads\/2020\/06\/service-1.png\" \/>\n<meta name=\"twitter:card\" content=\"summary_large_image\" \/>\n<meta name=\"twitter:label1\" content=\"Estimeret l\u00e6setid\" \/>\n\t<meta name=\"twitter:data1\" content=\"2 minutter\" \/>\n<script type=\"application\/ld+json\" class=\"yoast-schema-graph\">{\"@context\":\"https:\/\/schema.org\",\"@graph\":[{\"@type\":\"WebPage\",\"@id\":\"https:\/\/www.nordic-leads.fi\/da\/tjenester\/\",\"url\":\"https:\/\/www.nordic-leads.fi\/da\/tjenester\/\",\"name\":\"NORDICLEADS | Tjenester\",\"isPartOf\":{\"@id\":\"https:\/\/www.nordic-leads.fi\/da\/#website\"},\"primaryImageOfPage\":{\"@id\":\"https:\/\/www.nordic-leads.fi\/da\/tjenester\/#primaryimage\"},\"image\":{\"@id\":\"https:\/\/www.nordic-leads.fi\/da\/tjenester\/#primaryimage\"},\"thumbnailUrl\":\"http:\/\/www.nordic-leads.fi\/wp-content\/uploads\/2020\/06\/service-1.png\",\"datePublished\":\"2020-05-06T14:16:38+00:00\",\"dateModified\":\"2022-04-27T09:57:19+00:00\",\"description\":\"Drevet af data \u00e6ndrer vi mening gennem kreativitet. Generer ideer ved hj\u00e6lp af smarte datastrategier. Med vores datal\u00f8sninger sikrer vi, at du n\u00e5r dine salgsm\u00e5l\",\"breadcrumb\":{\"@id\":\"https:\/\/www.nordic-leads.fi\/da\/tjenester\/#breadcrumb\"},\"inLanguage\":\"da-DK\",\"potentialAction\":[{\"@type\":\"ReadAction\",\"target\":[\"https:\/\/www.nordic-leads.fi\/da\/tjenester\/\"]}]},{\"@type\":\"ImageObject\",\"inLanguage\":\"da-DK\",\"@id\":\"https:\/\/www.nordic-leads.fi\/da\/tjenester\/#primaryimage\",\"url\":\"http:\/\/www.nordic-leads.fi\/wp-content\/uploads\/2020\/06\/service-1.png\",\"contentUrl\":\"http:\/\/www.nordic-leads.fi\/wp-content\/uploads\/2020\/06\/service-1.png\"},{\"@type\":\"BreadcrumbList\",\"@id\":\"https:\/\/www.nordic-leads.fi\/da\/tjenester\/#breadcrumb\",\"itemListElement\":[{\"@type\":\"ListItem\",\"position\":1,\"name\":\"Home\",\"item\":\"https:\/\/www.nordic-leads.fi\/da\/\"},{\"@type\":\"ListItem\",\"position\":2,\"name\":\"Tjenester\"}]},{\"@type\":\"WebSite\",\"@id\":\"https:\/\/www.nordic-leads.fi\/da\/#website\",\"url\":\"https:\/\/www.nordic-leads.fi\/da\/\",\"name\":\"NORDICLEADS\",\"description\":\"NL | Data Delivered\",\"publisher\":{\"@id\":\"https:\/\/www.nordic-leads.fi\/da\/#organization\"},\"potentialAction\":[{\"@type\":\"SearchAction\",\"target\":{\"@type\":\"EntryPoint\",\"urlTemplate\":\"https:\/\/www.nordic-leads.fi\/da\/?s={search_term_string}\"},\"query-input\":{\"@type\":\"PropertyValueSpecification\",\"valueRequired\":true,\"valueName\":\"search_term_string\"}}],\"inLanguage\":\"da-DK\"},{\"@type\":\"Organization\",\"@id\":\"https:\/\/www.nordic-leads.fi\/da\/#organization\",\"name\":\"Nordic Leads\",\"url\":\"https:\/\/www.nordic-leads.fi\/da\/\",\"logo\":{\"@type\":\"ImageObject\",\"inLanguage\":\"da-DK\",\"@id\":\"https:\/\/www.nordic-leads.fi\/da\/#\/schema\/logo\/image\/\",\"url\":\"https:\/\/www.nordic-leads.fi\/wp-content\/uploads\/2022\/04\/nordicleadslogo_black-1.png\",\"contentUrl\":\"https:\/\/www.nordic-leads.fi\/wp-content\/uploads\/2022\/04\/nordicleadslogo_black-1.png\",\"width\":2268,\"height\":846,\"caption\":\"Nordic Leads\"},\"image\":{\"@id\":\"https:\/\/www.nordic-leads.fi\/da\/#\/schema\/logo\/image\/\"}}]}<\/script>\n<!-- \/ Yoast SEO plugin. -->","yoast_head_json":{"title":"NORDICLEADS | Tjenester","description":"Drevet af data \u00e6ndrer vi mening gennem kreativitet. Generer ideer ved hj\u00e6lp af smarte datastrategier. Med vores datal\u00f8sninger sikrer vi, at du n\u00e5r dine salgsm\u00e5l","robots":{"index":"index","follow":"follow","max-snippet":"max-snippet:-1","max-image-preview":"max-image-preview:large","max-video-preview":"max-video-preview:-1"},"canonical":"https:\/\/www.nordic-leads.fi\/da\/tjenester\/","og_locale":"da_DK","og_type":"article","og_title":"NORDICLEADS | Tjenester","og_description":"Drevet af data \u00e6ndrer vi mening gennem kreativitet. Generer ideer ved hj\u00e6lp af smarte datastrategier. Med vores datal\u00f8sninger sikrer vi, at du n\u00e5r dine salgsm\u00e5l","og_url":"https:\/\/www.nordic-leads.fi\/da\/tjenester\/","og_site_name":"NORDICLEADS","article_modified_time":"2022-04-27T09:57:19+00:00","og_image":[{"url":"http:\/\/www.nordic-leads.fi\/wp-content\/uploads\/2020\/06\/service-1.png","type":"","width":"","height":""}],"twitter_card":"summary_large_image","twitter_misc":{"Estimeret l\u00e6setid":"2 minutter"},"schema":{"@context":"https:\/\/schema.org","@graph":[{"@type":"WebPage","@id":"https:\/\/www.nordic-leads.fi\/da\/tjenester\/","url":"https:\/\/www.nordic-leads.fi\/da\/tjenester\/","name":"NORDICLEADS | Tjenester","isPartOf":{"@id":"https:\/\/www.nordic-leads.fi\/da\/#website"},"primaryImageOfPage":{"@id":"https:\/\/www.nordic-leads.fi\/da\/tjenester\/#primaryimage"},"image":{"@id":"https:\/\/www.nordic-leads.fi\/da\/tjenester\/#primaryimage"},"thumbnailUrl":"http:\/\/www.nordic-leads.fi\/wp-content\/uploads\/2020\/06\/service-1.png","datePublished":"2020-05-06T14:16:38+00:00","dateModified":"2022-04-27T09:57:19+00:00","description":"Drevet af data \u00e6ndrer vi mening gennem kreativitet. Generer ideer ved hj\u00e6lp af smarte datastrategier. Med vores datal\u00f8sninger sikrer vi, at du n\u00e5r dine salgsm\u00e5l","breadcrumb":{"@id":"https:\/\/www.nordic-leads.fi\/da\/tjenester\/#breadcrumb"},"inLanguage":"da-DK","potentialAction":[{"@type":"ReadAction","target":["https:\/\/www.nordic-leads.fi\/da\/tjenester\/"]}]},{"@type":"ImageObject","inLanguage":"da-DK","@id":"https:\/\/www.nordic-leads.fi\/da\/tjenester\/#primaryimage","url":"http:\/\/www.nordic-leads.fi\/wp-content\/uploads\/2020\/06\/service-1.png","contentUrl":"http:\/\/www.nordic-leads.fi\/wp-content\/uploads\/2020\/06\/service-1.png"},{"@type":"BreadcrumbList","@id":"https:\/\/www.nordic-leads.fi\/da\/tjenester\/#breadcrumb","itemListElement":[{"@type":"ListItem","position":1,"name":"Home","item":"https:\/\/www.nordic-leads.fi\/da\/"},{"@type":"ListItem","position":2,"name":"Tjenester"}]},{"@type":"WebSite","@id":"https:\/\/www.nordic-leads.fi\/da\/#website","url":"https:\/\/www.nordic-leads.fi\/da\/","name":"NORDICLEADS","description":"NL | Data Delivered","publisher":{"@id":"https:\/\/www.nordic-leads.fi\/da\/#organization"},"potentialAction":[{"@type":"SearchAction","target":{"@type":"EntryPoint","urlTemplate":"https:\/\/www.nordic-leads.fi\/da\/?s={search_term_string}"},"query-input":{"@type":"PropertyValueSpecification","valueRequired":true,"valueName":"search_term_string"}}],"inLanguage":"da-DK"},{"@type":"Organization","@id":"https:\/\/www.nordic-leads.fi\/da\/#organization","name":"Nordic Leads","url":"https:\/\/www.nordic-leads.fi\/da\/","logo":{"@type":"ImageObject","inLanguage":"da-DK","@id":"https:\/\/www.nordic-leads.fi\/da\/#\/schema\/logo\/image\/","url":"https:\/\/www.nordic-leads.fi\/wp-content\/uploads\/2022\/04\/nordicleadslogo_black-1.png","contentUrl":"https:\/\/www.nordic-leads.fi\/wp-content\/uploads\/2022\/04\/nordicleadslogo_black-1.png","width":2268,"height":846,"caption":"Nordic Leads"},"image":{"@id":"https:\/\/www.nordic-leads.fi\/da\/#\/schema\/logo\/image\/"}}]}},"_links":{"self":[{"href":"https:\/\/www.nordic-leads.fi\/da\/wp-json\/wp\/v2\/pages\/1060","targetHints":{"allow":["GET"]}}],"collection":[{"href":"https:\/\/www.nordic-leads.fi\/da\/wp-json\/wp\/v2\/pages"}],"about":[{"href":"https:\/\/www.nordic-leads.fi\/da\/wp-json\/wp\/v2\/types\/page"}],"author":[{"embeddable":true,"href":"https:\/\/www.nordic-leads.fi\/da\/wp-json\/wp\/v2\/users\/2"}],"replies":[{"embeddable":true,"href":"https:\/\/www.nordic-leads.fi\/da\/wp-json\/wp\/v2\/comments?post=1060"}],"version-history":[{"count":1,"href":"https:\/\/www.nordic-leads.fi\/da\/wp-json\/wp\/v2\/pages\/1060\/revisions"}],"predecessor-version":[{"id":1065,"href":"https:\/\/www.nordic-leads.fi\/da\/wp-json\/wp\/v2\/pages\/1060\/revisions\/1065"}],"wp:attachment":[{"href":"https:\/\/www.nordic-leads.fi\/da\/wp-json\/wp\/v2\/media?parent=1060"}],"curies":[{"name":"wp","href":"https:\/\/api.w.org\/{rel}","templated":true}]}}