{"id":2421,"date":"2024-01-26T10:21:36","date_gmt":"2024-01-26T10:21:36","guid":{"rendered":"https:\/\/www.nordic-leads.fi\/vindere\/"},"modified":"2025-02-05T15:07:00","modified_gmt":"2025-02-05T15:07:00","slug":"vindere","status":"publish","type":"page","link":"https:\/\/www.nordic-leads.fi\/da\/vindere\/","title":{"rendered":"Vindere"},"content":{"rendered":"[vc_row type=&#8221;in_container&#8221; full_screen_row_position=&#8221;middle&#8221; column_margin=&#8221;default&#8221; column_direction=&#8221;default&#8221; column_direction_tablet=&#8221;default&#8221; column_direction_phone=&#8221;default&#8221; scene_position=&#8221;center&#8221; text_color=&#8221;dark&#8221; text_align=&#8221;left&#8221; row_border_radius=&#8221;none&#8221; row_border_radius_applies=&#8221;bg&#8221; overflow=&#8221;visible&#8221; overlay_strength=&#8221;0.3&#8243; gradient_direction=&#8221;left_to_right&#8221; shape_divider_position=&#8221;bottom&#8221; bg_image_animation=&#8221;none&#8221;][vc_column column_padding=&#8221;no-extra-padding&#8221; column_padding_tablet=&#8221;inherit&#8221; column_padding_phone=&#8221;inherit&#8221; column_padding_position=&#8221;all&#8221; column_element_spacing=&#8221;default&#8221; background_color_opacity=&#8221;1&#8243; background_hover_color_opacity=&#8221;1&#8243; column_shadow=&#8221;none&#8221; column_border_radius=&#8221;none&#8221; column_link_target=&#8221;_self&#8221; column_position=&#8221;default&#8221; gradient_direction=&#8221;left_to_right&#8221; overlay_strength=&#8221;0.3&#8243; width=&#8221;1\/1&#8243; tablet_width_inherit=&#8221;default&#8221; tablet_text_alignment=&#8221;default&#8221; phone_text_alignment=&#8221;default&#8221; animation_type=&#8221;default&#8221; bg_image_animation=&#8221;none&#8221; border_type=&#8221;simple&#8221; column_border_width=&#8221;none&#8221; column_border_style=&#8221;solid&#8221;][vc_column_text]\n&#13;\n<h2 class=\"wp-block-heading has-x-large-font-size\">Seneste vindere<\/h2>&#13;\n<p>&nbsp;<\/p>\n<hr class=\"wp-block-separator has-alpha-channel-opacity\" \/><p>&nbsp;<\/p>\n&#13;\n<p class=\"has-medium-font-size\">Vi tr\u00e6kker hvert \u00e5r en vinder af en hovedpr\u00e6mie p\u00e5 10.000 NOK i Norge, en p\u00e5 10.000 SEK i Sverige og en p\u00e5 1.000 EUR i Finland. Vi laver ogs\u00e5 2 lodtr\u00e6kninger p\u00e5 250 euro i Letland og Estland.<\/p>&#13;\n<p>&nbsp;<\/p>\n&#13;\n<p class=\"has-medium-font-size\">Gevinsterne uddeles i form af et supergavekort til gogift IO (i Norge alternativt et Glede-gavekort) eller som en kontantpr\u00e6mie. For Estland og Letland afh\u00e6nger gavekortet\/pr\u00e6mien af konkurrencen. Disse er altid klar til at blive sendt ud til en vinder i det respektive land.<\/p>&#13;\n<p>&nbsp;<\/p>\n&#13;\n<p class=\"has-medium-font-size\">I Sverige vil vi i 2024 have m\u00e5nedlige vindere p\u00e5 SEK 1.000 i en bonusudtr\u00e6kning, der foretages hvert kvartal. De 12 vindere tr\u00e6kkes hvert kvartal (01.01-03.31, 01.04-30.06, 01.07-30.09 og 01.10-31.12), og disse vindere informeres og pr\u00e6senteres p\u00e5 hjemmesiden tre ad gangen senest 30 kalenderdage efter kvartalets udl\u00f8b.<\/p>&#13;\n<p>&nbsp;<\/p>\n&#13;\n<p class=\"has-medium-font-size\">Vinderne af hovedprisen i 2023 vil ogs\u00e5 blive offentliggjort her inden udgangen af februar efter konkurrencens afslutning, samt eventuelle bonusvindere.<\/p>&#13;\n<p>&nbsp;<\/p>\n&#13;\n<p class=\"has-medium-font-size\">Konkurrencerne i Danmark administreres af SwishMedia BV, og gavekortene uddeles med j\u00e6vne mellemrum.<\/p>&#13;\n<p>&nbsp;<\/p>\n<hr class=\"wp-block-separator has-alpha-channel-opacity\" \/><p>&nbsp;<\/p>\n\n<div class=\"wp-block-jetpack-markdown\">\n<h1>Norge<\/h1>\n<h2>Vindere af Spareklubbnorge<\/h2>\n<h3>Hovedpr\u00e6mie 2022<\/h3>\n<ul>\n<li><strong>Vinder<\/strong>: Unni R fra Skotterud<\/li>\n<li><strong>Pr\u00e6mie<\/strong>: Gavekort p\u00e5 10.000 NOK<\/li>\n<\/ul>\n<p><em>\u2b50 Tillykke Unni med dit gavekort!<\/em><\/p>\n<h3>Mystisk t\u00e6ppekonkurrence (sluttede 20. september)<\/h3>\n<ul>\n<li><strong>Vinder<\/strong>: Bente Pinslund fra Trondheim<\/li>\n<li><strong>Samarbejde<\/strong>: Interi\u00f8rGiveaways<\/li>\n<li><strong>Pr\u00e6mie<\/strong>: Mystisk t\u00e6ppe<\/li>\n<\/ul>\n<p><em>\u2b50 Godt g\u00e5et, Bente!<\/em><\/p>\n<h3>Senges\u00e6t-konkurrence (sluttede 1. september)<\/h3>\n<ul>\n<li><strong>Vinder<\/strong>: Inger-Lise Admundsen<\/li>\n<li><strong>Samarbejde<\/strong>: Interi\u00f8rGiveaways<\/li>\n<li><strong>Designer<\/strong>: HALVOR BAKKE<\/li>\n<li><strong>Pr\u00e6mie<\/strong>: Senges\u00e6t til en v\u00e6rdi af 1041 NOK<\/li>\n<\/ul>\n<p><em>\u2b50 Tillykke Inger-Lise!<\/em><\/p>\n<h3>Taskekonkurrence (sluttede 24. august)<\/h3>\n<ul>\n<li><strong>Vinder<\/strong>: Lisbeth Tolne<\/li>\n<li><strong>Samarbejde<\/strong>: Interi\u00f8rGiveaways<\/li>\n<li><strong>Brand<\/strong>: RE:DESIGNED by Dixie<\/li>\n<li><strong>Pr\u00e6mie<\/strong>: Designertaske<\/li>\n<\/ul>\n<p><em>\u2b50 God forn\u00f8jelse med din nye taske, Lisbeth!<\/em><\/p>\n<\/div>\n<p>&nbsp;<\/p>\n<hr class=\"wp-block-separator has-alpha-channel-opacity\" \/><p>&nbsp;<\/p>\n\n<div class=\"wp-block-jetpack-markdown\">\n<h1>Sverige<\/h1>\n<h2>Sparklubben.nu Vindere<\/h2>\n<h3>Hovedpr\u00e6mie 2022<\/h3>\n<ul>\n<li><strong>Vinder<\/strong>: Karl-Bertil fra Brom\u00f6lla<\/li>\n<li><strong>Pr\u00e6mie<\/strong>: Gavekort p\u00e5 10.000 SEK<\/li>\n<\/ul>\n<p><em>\u2b50 Tillykke med gavekortet Karl-Bertil!<\/em><\/p>\n<ul>\n<li>Bem\u00e6rk: Vinderne offentligg\u00f8res med forsinkelse. Kontakt <a href=\"mailto:info@nordic-leads.com\">info@nordic-leads.com<\/a> for at f\u00e5 de seneste oplysninger om vinderne.<\/li>\n<\/ul>\n<h3>Bonus-konkurrencer<\/h3>\n<ul>\n<li><strong>Vinder<\/strong>: H\u00e5kan S fra Stockholm<\/li>\n<li><strong>Vinder<\/strong>: Susanne Serk fra V\u00e4xj\u00f6<\/li>\n<li><strong>Pr\u00e6mie<\/strong>: To svenske checks p\u00e5 500 SEK<\/li>\n<\/ul>\n<p><em>\u2b50 Tillykke med gavekortet, H\u00e5kan!<\/em><\/p>\n<p><em>\u2b50 Tillykke med gavekortet Susanne!<\/em><\/p>\n<h3>Julekonkurrence<\/h3>\n<ul>\n<li><strong>Vinder<\/strong>: Eva Eriksson fra Bromma<\/li>\n<li><strong>Pr\u00e6mie<\/strong>: 1000 kr til Mathem<\/li>\n<\/ul>\n<p><em>\u2b50 Tillykke med gavekortet, Eva!<\/em><\/p>\n<\/div>\n<p>&nbsp;<\/p>\n<hr class=\"wp-block-separator has-alpha-channel-opacity\" \/><p>&nbsp;<\/p>\n\n<div class=\"wp-block-jetpack-markdown\">\n<h1>Danmark<\/h1>\n<h2>Sparklubben.dk vindere<\/h2>\n<h3>Lalandia Gavekort-konkurrence (slut 30. juni)<\/h3>\n<ul>\n<li><strong>Vinder<\/strong>: Samar fra K\u00f8benhavn NV<\/li>\n<li><strong>Pr\u00e6mie<\/strong>: Gavekort p\u00e5 5.000 kr. til Lalandia<\/li>\n<\/ul>\n<p><em>\u2b50 Tillykke Samar!<\/em><\/p>\n<h3>Konkurrence om gavekort til dagligvarebutikker (udtr\u00e6kkes 30. juni 2022)<\/h3>\n<ul>\n<li><strong>Vinder<\/strong>: Per fra K\u00f8benhavn S<\/li>\n<li><strong>Pr\u00e6mie<\/strong>: 5.000 kr. til en valgfri dagligvarebutik<\/li>\n<\/ul>\n<p><em>\u2b50 Tillykke Per!<\/em><\/p>\n<h3>Konkurrence om gavekort til dagligvarebutikker (udtrukket 31. januar 2022)<\/h3>\n<ul>\n<li><strong>Vinder<\/strong>: Allan fra Slangerup<\/li>\n<li><strong>Pr\u00e6mie<\/strong>: 5.000 kr. til en valgfri dagligvarebutik<\/li>\n<\/ul>\n<p><em>\u2b50 Tillykke Allan!<\/em><\/p>\n<h3>Seneste vindere udtrukket 2024<\/h3>\n<ul>\n<li><strong>Vinder<\/strong>: Zenia fra Asperup<\/li>\n<li><strong>Pris<\/strong>: Normalt gavekort<\/li>\n<\/ul>\n<p><em>\u2b50 Tillykke Zenia!<\/em><\/p>\n<ul>\n<li><strong>Vinder<\/strong>: Fatima Mamo fra Stensrup<\/li>\n<li><strong>Pr\u00e6mie<\/strong>: Gavekort til et supermarked efter eget valg<\/li>\n<\/ul>\n<p><em>\u2b50 Tillykke Fatima!<\/em><\/p>\n<h3>Bem\u00e6rk: Fra og med 2023 varetages lodtr\u00e6kningen til Sparklubbens danske konkurrencer af Swish Media. For 2023-vindere, kontakt <a href=\"mailto:info@swish-media.com\">info@swish-media.com<\/a>.<\/h3>\n<\/div>\n<p>&nbsp;<\/p>\n<hr class=\"wp-block-separator has-alpha-channel-opacity\" \/><p>&nbsp;<\/p>\n\n<div class=\"wp-block-jetpack-markdown\">\n<h1>Estland<\/h1>\n<h2>Pakkumisteklubi.ee Vindere<\/h2>\n<h3>Prisma-gavekortkonkurrence (sluttede 1. maj 2023)<\/h3>\n<ul>\n<li><strong>Vinder<\/strong>: Raja fra Raasiku<\/li>\n<li><strong>Pr\u00e6mie<\/strong>: Prisma-gavekort til en v\u00e6rdi af 250 euro<\/li>\n<\/ul>\n<p><em>\u2b50 Tillykke Raja!<\/em><\/p>\n<h3>Partnerkaart-gavekortkonkurrence (sluttede 31. december 2023)<\/h3>\n<ul>\n<li><strong>Vinder<\/strong>: Merle Susi<\/li>\n<li><strong>Pr\u00e6mie<\/strong>: Partner-gavekort til en v\u00e6rdi af 250 euro<\/li>\n<\/ul>\n<p><em>\u2b50 Tillykke Merle!<\/em><\/p>\n<div class=\"wp-block-jetpack-markdown\">\n<h3>Partnerkaart-gavekortkonkurrence (sluttede 31. december 2024)<\/h3>\n<ul>\n<li><strong>Vinder<\/strong>: Kristel K.<\/li>\n<li><strong>Pr\u00e6mie<\/strong>: Partner-gavekort til en v\u00e6rdi af 250 euro<\/li>\n<\/ul>\n<p><em>\u2b50 Tillykke, Kristel!<\/em><\/p>\n<\/div>\n<p><\/p>\n<p>&nbsp;<\/p>\n<\/div>\n<p><!-- \/wp:post-content --><\/p>\n<p>&nbsp;<\/p>\n<p><!-- wp:separator --><\/p>\n<hr class=\"wp-block-separator has-alpha-channel-opacity\"><!-- \/wp:separator --><\/p>\n<p>&nbsp;<\/p>\n<p><!-- wp:jetpack\/markdown {\"source\":\"# Latvia\\n\\n## Megapiedavajumi.lv Winners\\n\\n### Rimi Gift Card Competition (Ended Dec 31, 2023)\\n- **Winner**: \\n- **Prize**: 250\u20ac worth of Rimi giftcards\\n\\n*\u2b50 Congratulations *\\n\\n\\n\"} --><\/p>\n<div class=\"wp-block-jetpack-markdown\">\n<h1>Letland<\/h1>\n<h2>Megapiedavajumi.lv Vindere<\/h2>\n<h3>Rimi-gavekortkonkurrence (sluttede 31. december 2023)<\/h3>\n<ul>\n<li><strong>Vinder<\/strong>:  <\/li>\n<li><strong>Pr\u00e6mie<\/strong>: Rimi-gavekort til en v\u00e6rdi af 250 euro<\/li>\n<\/ul>\n<p>*\u2b50 Tillykke *<\/p>\n<\/div>\n<p><!-- \/wp:jetpack\/markdown --> <\/p>\n[\/vc_column_text][\/vc_column][\/vc_row]\n","protected":false},"excerpt":{"rendered":"<p>[vc_row type=&#8221;in_container&#8221; full_screen_row_position=&#8221;middle&#8221; column_margin=&#8221;default&#8221; column_direction=&#8221;default&#8221; column_direction_tablet=&#8221;default&#8221; column_direction_phone=&#8221;default&#8221; scene_position=&#8221;center&#8221; text_color=&#8221;dark&#8221; text_align=&#8221;left&#8221; row_border_radius=&#8221;none&#8221; row_border_radius_applies=&#8221;bg&#8221; overflow=&#8221;visible&#8221; overlay_strength=&#8221;0.3&#8243; gradient_direction=&#8221;left_to_right&#8221; shape_divider_position=&#8221;bottom&#8221; bg_image_animation=&#8221;none&#8221;][vc_column column_padding=&#8221;no-extra-padding&#8221; column_padding_tablet=&#8221;inherit&#8221; column_padding_phone=&#8221;inherit&#8221; column_padding_position=&#8221;all&#8221; column_element_spacing=&#8221;default&#8221; background_color_opacity=&#8221;1&#8243; background_hover_color_opacity=&#8221;1&#8243; column_shadow=&#8221;none&#8221; column_border_radius=&#8221;none&#8221; column_link_target=&#8221;_self&#8221; column_position=&#8221;default&#8221; gradient_direction=&#8221;left_to_right&#8221; overlay_strength=&#8221;0.3&#8243;&#8230;<\/p>\n","protected":false},"author":3,"featured_media":0,"parent":0,"menu_order":0,"comment_status":"closed","ping_status":"closed","template":"","meta":{"footnotes":""},"class_list":["post-2421","page","type-page","status-publish"],"yoast_head":"<!-- This site is optimized with the Yoast SEO plugin v25.0 - https:\/\/yoast.com\/wordpress\/plugins\/seo\/ -->\n<title>Vindere | NORDICLEADS<\/title>\n<meta name=\"robots\" content=\"index, follow, max-snippet:-1, max-image-preview:large, max-video-preview:-1\" \/>\n<link rel=\"canonical\" href=\"https:\/\/www.nordic-leads.fi\/da\/vindere\/\" \/>\n<meta property=\"og:locale\" content=\"da_DK\" \/>\n<meta property=\"og:type\" content=\"article\" \/>\n<meta property=\"og:title\" content=\"Vindere | NORDICLEADS\" \/>\n<meta property=\"og:description\" content=\"[vc_row type=&#8221;in_container&#8221; full_screen_row_position=&#8221;middle&#8221; column_margin=&#8221;default&#8221; column_direction=&#8221;default&#8221; column_direction_tablet=&#8221;default&#8221; column_direction_phone=&#8221;default&#8221; scene_position=&#8221;center&#8221; text_color=&#8221;dark&#8221; text_align=&#8221;left&#8221; row_border_radius=&#8221;none&#8221; row_border_radius_applies=&#8221;bg&#8221; overflow=&#8221;visible&#8221; overlay_strength=&#8221;0.3&#8243; gradient_direction=&#8221;left_to_right&#8221; shape_divider_position=&#8221;bottom&#8221; bg_image_animation=&#8221;none&#8221;][vc_column column_padding=&#8221;no-extra-padding&#8221; column_padding_tablet=&#8221;inherit&#8221; column_padding_phone=&#8221;inherit&#8221; column_padding_position=&#8221;all&#8221; column_element_spacing=&#8221;default&#8221; background_color_opacity=&#8221;1&#8243; background_hover_color_opacity=&#8221;1&#8243; column_shadow=&#8221;none&#8221; column_border_radius=&#8221;none&#8221; column_link_target=&#8221;_self&#8221; column_position=&#8221;default&#8221; gradient_direction=&#8221;left_to_right&#8221; overlay_strength=&#8221;0.3&#8243;...\" \/>\n<meta property=\"og:url\" content=\"https:\/\/www.nordic-leads.fi\/da\/vindere\/\" \/>\n<meta property=\"og:site_name\" content=\"NORDICLEADS\" \/>\n<meta property=\"article:modified_time\" content=\"2025-02-05T15:07:00+00:00\" \/>\n<meta name=\"twitter:card\" content=\"summary_large_image\" \/>\n<meta name=\"twitter:label1\" content=\"Estimeret l\u00e6setid\" \/>\n\t<meta name=\"twitter:data1\" content=\"3 minutter\" \/>\n<script type=\"application\/ld+json\" class=\"yoast-schema-graph\">{\"@context\":\"https:\/\/schema.org\",\"@graph\":[{\"@type\":\"WebPage\",\"@id\":\"https:\/\/www.nordic-leads.fi\/da\/vindere\/\",\"url\":\"https:\/\/www.nordic-leads.fi\/da\/vindere\/\",\"name\":\"Vindere | NORDICLEADS\",\"isPartOf\":{\"@id\":\"https:\/\/www.nordic-leads.fi\/da\/#website\"},\"datePublished\":\"2024-01-26T10:21:36+00:00\",\"dateModified\":\"2025-02-05T15:07:00+00:00\",\"breadcrumb\":{\"@id\":\"https:\/\/www.nordic-leads.fi\/da\/vindere\/#breadcrumb\"},\"inLanguage\":\"da-DK\",\"potentialAction\":[{\"@type\":\"ReadAction\",\"target\":[\"https:\/\/www.nordic-leads.fi\/da\/vindere\/\"]}]},{\"@type\":\"BreadcrumbList\",\"@id\":\"https:\/\/www.nordic-leads.fi\/da\/vindere\/#breadcrumb\",\"itemListElement\":[{\"@type\":\"ListItem\",\"position\":1,\"name\":\"Home\",\"item\":\"https:\/\/www.nordic-leads.fi\/da\/\"},{\"@type\":\"ListItem\",\"position\":2,\"name\":\"Vindere\"}]},{\"@type\":\"WebSite\",\"@id\":\"https:\/\/www.nordic-leads.fi\/da\/#website\",\"url\":\"https:\/\/www.nordic-leads.fi\/da\/\",\"name\":\"NORDICLEADS\",\"description\":\"NL | Data Delivered\",\"publisher\":{\"@id\":\"https:\/\/www.nordic-leads.fi\/da\/#organization\"},\"potentialAction\":[{\"@type\":\"SearchAction\",\"target\":{\"@type\":\"EntryPoint\",\"urlTemplate\":\"https:\/\/www.nordic-leads.fi\/da\/?s={search_term_string}\"},\"query-input\":{\"@type\":\"PropertyValueSpecification\",\"valueRequired\":true,\"valueName\":\"search_term_string\"}}],\"inLanguage\":\"da-DK\"},{\"@type\":\"Organization\",\"@id\":\"https:\/\/www.nordic-leads.fi\/da\/#organization\",\"name\":\"Nordic Leads\",\"url\":\"https:\/\/www.nordic-leads.fi\/da\/\",\"logo\":{\"@type\":\"ImageObject\",\"inLanguage\":\"da-DK\",\"@id\":\"https:\/\/www.nordic-leads.fi\/da\/#\/schema\/logo\/image\/\",\"url\":\"https:\/\/www.nordic-leads.fi\/wp-content\/uploads\/2022\/04\/nordicleadslogo_black-1.png\",\"contentUrl\":\"https:\/\/www.nordic-leads.fi\/wp-content\/uploads\/2022\/04\/nordicleadslogo_black-1.png\",\"width\":2268,\"height\":846,\"caption\":\"Nordic Leads\"},\"image\":{\"@id\":\"https:\/\/www.nordic-leads.fi\/da\/#\/schema\/logo\/image\/\"}}]}<\/script>\n<!-- \/ Yoast SEO plugin. -->","yoast_head_json":{"title":"Vindere | NORDICLEADS","robots":{"index":"index","follow":"follow","max-snippet":"max-snippet:-1","max-image-preview":"max-image-preview:large","max-video-preview":"max-video-preview:-1"},"canonical":"https:\/\/www.nordic-leads.fi\/da\/vindere\/","og_locale":"da_DK","og_type":"article","og_title":"Vindere | NORDICLEADS","og_description":"[vc_row type=&#8221;in_container&#8221; full_screen_row_position=&#8221;middle&#8221; column_margin=&#8221;default&#8221; column_direction=&#8221;default&#8221; column_direction_tablet=&#8221;default&#8221; column_direction_phone=&#8221;default&#8221; scene_position=&#8221;center&#8221; text_color=&#8221;dark&#8221; text_align=&#8221;left&#8221; row_border_radius=&#8221;none&#8221; row_border_radius_applies=&#8221;bg&#8221; overflow=&#8221;visible&#8221; overlay_strength=&#8221;0.3&#8243; gradient_direction=&#8221;left_to_right&#8221; shape_divider_position=&#8221;bottom&#8221; bg_image_animation=&#8221;none&#8221;][vc_column column_padding=&#8221;no-extra-padding&#8221; column_padding_tablet=&#8221;inherit&#8221; column_padding_phone=&#8221;inherit&#8221; column_padding_position=&#8221;all&#8221; column_element_spacing=&#8221;default&#8221; background_color_opacity=&#8221;1&#8243; background_hover_color_opacity=&#8221;1&#8243; column_shadow=&#8221;none&#8221; column_border_radius=&#8221;none&#8221; column_link_target=&#8221;_self&#8221; column_position=&#8221;default&#8221; gradient_direction=&#8221;left_to_right&#8221; overlay_strength=&#8221;0.3&#8243;...","og_url":"https:\/\/www.nordic-leads.fi\/da\/vindere\/","og_site_name":"NORDICLEADS","article_modified_time":"2025-02-05T15:07:00+00:00","twitter_card":"summary_large_image","twitter_misc":{"Estimeret l\u00e6setid":"3 minutter"},"schema":{"@context":"https:\/\/schema.org","@graph":[{"@type":"WebPage","@id":"https:\/\/www.nordic-leads.fi\/da\/vindere\/","url":"https:\/\/www.nordic-leads.fi\/da\/vindere\/","name":"Vindere | NORDICLEADS","isPartOf":{"@id":"https:\/\/www.nordic-leads.fi\/da\/#website"},"datePublished":"2024-01-26T10:21:36+00:00","dateModified":"2025-02-05T15:07:00+00:00","breadcrumb":{"@id":"https:\/\/www.nordic-leads.fi\/da\/vindere\/#breadcrumb"},"inLanguage":"da-DK","potentialAction":[{"@type":"ReadAction","target":["https:\/\/www.nordic-leads.fi\/da\/vindere\/"]}]},{"@type":"BreadcrumbList","@id":"https:\/\/www.nordic-leads.fi\/da\/vindere\/#breadcrumb","itemListElement":[{"@type":"ListItem","position":1,"name":"Home","item":"https:\/\/www.nordic-leads.fi\/da\/"},{"@type":"ListItem","position":2,"name":"Vindere"}]},{"@type":"WebSite","@id":"https:\/\/www.nordic-leads.fi\/da\/#website","url":"https:\/\/www.nordic-leads.fi\/da\/","name":"NORDICLEADS","description":"NL | Data Delivered","publisher":{"@id":"https:\/\/www.nordic-leads.fi\/da\/#organization"},"potentialAction":[{"@type":"SearchAction","target":{"@type":"EntryPoint","urlTemplate":"https:\/\/www.nordic-leads.fi\/da\/?s={search_term_string}"},"query-input":{"@type":"PropertyValueSpecification","valueRequired":true,"valueName":"search_term_string"}}],"inLanguage":"da-DK"},{"@type":"Organization","@id":"https:\/\/www.nordic-leads.fi\/da\/#organization","name":"Nordic Leads","url":"https:\/\/www.nordic-leads.fi\/da\/","logo":{"@type":"ImageObject","inLanguage":"da-DK","@id":"https:\/\/www.nordic-leads.fi\/da\/#\/schema\/logo\/image\/","url":"https:\/\/www.nordic-leads.fi\/wp-content\/uploads\/2022\/04\/nordicleadslogo_black-1.png","contentUrl":"https:\/\/www.nordic-leads.fi\/wp-content\/uploads\/2022\/04\/nordicleadslogo_black-1.png","width":2268,"height":846,"caption":"Nordic Leads"},"image":{"@id":"https:\/\/www.nordic-leads.fi\/da\/#\/schema\/logo\/image\/"}}]}},"_links":{"self":[{"href":"https:\/\/www.nordic-leads.fi\/da\/wp-json\/wp\/v2\/pages\/2421","targetHints":{"allow":["GET"]}}],"collection":[{"href":"https:\/\/www.nordic-leads.fi\/da\/wp-json\/wp\/v2\/pages"}],"about":[{"href":"https:\/\/www.nordic-leads.fi\/da\/wp-json\/wp\/v2\/types\/page"}],"author":[{"embeddable":true,"href":"https:\/\/www.nordic-leads.fi\/da\/wp-json\/wp\/v2\/users\/3"}],"replies":[{"embeddable":true,"href":"https:\/\/www.nordic-leads.fi\/da\/wp-json\/wp\/v2\/comments?post=2421"}],"version-history":[{"count":6,"href":"https:\/\/www.nordic-leads.fi\/da\/wp-json\/wp\/v2\/pages\/2421\/revisions"}],"predecessor-version":[{"id":2446,"href":"https:\/\/www.nordic-leads.fi\/da\/wp-json\/wp\/v2\/pages\/2421\/revisions\/2446"}],"wp:attachment":[{"href":"https:\/\/www.nordic-leads.fi\/da\/wp-json\/wp\/v2\/media?parent=2421"}],"curies":[{"name":"wp","href":"https:\/\/api.w.org\/{rel}","templated":true}]}}