{"id":1567,"date":"2022-07-19T13:11:37","date_gmt":"2022-07-19T13:11:37","guid":{"rendered":"https:\/\/www.nordic-leads.fi\/eesti-b2c-juhtide-ja-tulemuslikkuse-turundus\/"},"modified":"2022-11-29T13:32:29","modified_gmt":"2022-11-29T13:32:29","slug":"eesti-b2c-leadid","status":"publish","type":"page","link":"https:\/\/www.nordic-leads.fi\/et\/eesti-b2c-leadid\/","title":{"rendered":"Eesti B2C lead&#8217;id ja tulemuslikkuse turundus"},"content":{"rendered":"[vc_row type=&#8221;full_width_background&#8221; full_screen_row_position=&#8221;middle&#8221; column_margin=&#8221;90px&#8221; equal_height=&#8221;yes&#8221; content_placement=&#8221;middle&#8221; column_direction=&#8221;default&#8221; column_direction_tablet=&#8221;default&#8221; column_direction_phone=&#8221;default&#8221; bg_color=&#8221;#ffffff&#8221; scene_position=&#8221;center&#8221; top_padding=&#8221;4%&#8221; constrain_group_1=&#8221;yes&#8221; bottom_padding=&#8221;4%&#8221; top_padding_tablet=&#8221;15%&#8221; constrain_group_3=&#8221;yes&#8221; bottom_padding_tablet=&#8221;15%&#8221; text_color=&#8221;dark&#8221; text_align=&#8221;left&#8221; row_border_radius=&#8221;none&#8221; row_border_radius_applies=&#8221;bg&#8221; overflow=&#8221;visible&#8221; advanced_gradient_angle=&#8221;0&#8243; overlay_strength=&#8221;0.3&#8243; gradient_direction=&#8221;left_to_right&#8221; shape_divider_position=&#8221;bottom&#8221; bg_image_animation=&#8221;none&#8221; shape_type=&#8221;&#8221; gradient_type=&#8221;default&#8221;][vc_column column_padding=&#8221;no-extra-padding&#8221; column_padding_tablet=&#8221;inherit&#8221; column_padding_phone=&#8221;inherit&#8221; column_padding_position=&#8221;all&#8221; column_element_spacing=&#8221;default&#8221; background_color_opacity=&#8221;1&#8243; background_hover_color_opacity=&#8221;1&#8243; background_image=&#8221;1413&#8243; background_image_position=&#8221;center top&#8221; enable_bg_scale=&#8221;true&#8221; background_image_loading=&#8221;default&#8221; column_shadow=&#8221;none&#8221; column_border_radius=&#8221;none&#8221; column_link_target=&#8221;_self&#8221; column_position=&#8221;default&#8221; advanced_gradient_angle=&#8221;0&#8243; gradient_direction=&#8221;left_to_right&#8221; overlay_strength=&#8221;0.3&#8243; width=&#8221;1\/2&#8243; tablet_width_inherit=&#8221;default&#8221; tablet_text_alignment=&#8221;default&#8221; phone_text_alignment=&#8221;default&#8221; animation_type=&#8221;default&#8221; bg_image_animation=&#8221;zoom-out&#8221; border_type=&#8221;simple&#8221; column_border_width=&#8221;none&#8221; column_border_style=&#8221;solid&#8221; gradient_type=&#8221;default&#8221;][divider line_type=&#8221;No Line&#8221; custom_height_tablet=&#8221;600&#8243; custom_height_phone=&#8221;350&#8243;][\/vc_column][vc_column column_padding=&#8221;padding-7-percent&#8221; column_padding_tablet=&#8221;inherit&#8221; column_padding_phone=&#8221;inherit&#8221; column_padding_position=&#8221;top-bottom&#8221; column_element_spacing=&#8221;default&#8221; background_color_opacity=&#8221;1&#8243; background_hover_color_opacity=&#8221;1&#8243; column_shadow=&#8221;none&#8221; column_border_radius=&#8221;none&#8221; column_link_target=&#8221;_self&#8221; column_position=&#8221;default&#8221; zindex=&#8221;100&#8243; gradient_direction=&#8221;left_to_right&#8221; overlay_strength=&#8221;0.3&#8243; width=&#8221;1\/2&#8243; tablet_width_inherit=&#8221;default&#8221; tablet_text_alignment=&#8221;default&#8221; phone_text_alignment=&#8221;default&#8221; animation_type=&#8221;default&#8221; bg_image_animation=&#8221;none&#8221; border_type=&#8221;simple&#8221; column_border_width=&#8221;none&#8221; column_border_style=&#8221;solid&#8221;][vc_row_inner column_margin=&#8221;default&#8221; column_direction=&#8221;default&#8221; column_direction_tablet=&#8221;default&#8221; column_direction_phone=&#8221;default&#8221; translate_x=&#8221;-28%&#8221; translate_x_tablet=&#8221;0%&#8221; translate_x_phone=&#8221;0%&#8221; text_align=&#8221;left&#8221; row_position=&#8221;default&#8221; row_position_tablet=&#8221;inherit&#8221; row_position_phone=&#8221;inherit&#8221; overflow=&#8221;visible&#8221; pointer_events=&#8221;all&#8221;][vc_column_inner column_padding=&#8221;padding-10-percent&#8221; column_padding_tablet=&#8221;inherit&#8221; column_padding_phone=&#8221;inherit&#8221; column_padding_position=&#8221;right&#8221; column_element_spacing=&#8221;default&#8221; background_color_opacity=&#8221;1&#8243; background_hover_color_opacity=&#8221;1&#8243; column_shadow=&#8221;none&#8221; column_border_radius=&#8221;none&#8221; column_link_target=&#8221;_self&#8221; gradient_direction=&#8221;left_to_right&#8221; overlay_strength=&#8221;0.3&#8243; width=&#8221;1\/1&#8243; tablet_width_inherit=&#8221;default&#8221; animation_type=&#8221;default&#8221; bg_image_animation=&#8221;none&#8221; border_type=&#8221;simple&#8221; column_border_width=&#8221;none&#8221; column_border_style=&#8221;solid&#8221;][nectar_highlighted_text color_type=&#8221;gradient&#8221; highlight_color=&#8221;#007fd7&#8243; secondary_color=&#8221;rgba(255,107,48,0.01)&#8221; style=&#8221;half_text&#8221; custom_font_size=&#8221;7vh&#8221;]\n<h2>Estonian B2C <em>leadid<\/em><\/h2>\n[\/nectar_highlighted_text][split_line_heading animation_type=&#8221;line-reveal-by-space&#8221; font_style=&#8221;h3&#8243; line_reveal_by_space_text_effect=&#8221;default&#8221; content_alignment=&#8221;default&#8221; mobile_content_alignment=&#8221;inherit&#8221; link_target=&#8221;_self&#8221; text_content=&#8221;&amp; tulemuslik turundus&#8221;][\/split_line_heading][\/vc_column_inner][\/vc_row_inner][vc_row_inner column_margin=&#8221;default&#8221; column_direction=&#8221;default&#8221; column_direction_tablet=&#8221;default&#8221; column_direction_phone=&#8221;default&#8221; text_align=&#8221;left&#8221; row_position=&#8221;default&#8221; row_position_tablet=&#8221;inherit&#8221; row_position_phone=&#8221;inherit&#8221; overflow=&#8221;visible&#8221; pointer_events=&#8221;all&#8221;][vc_column_inner column_padding=&#8221;no-extra-padding&#8221; column_padding_tablet=&#8221;inherit&#8221; column_padding_phone=&#8221;inherit&#8221; column_padding_position=&#8221;all&#8221; top_margin=&#8221;40&#8243; top_margin_tablet=&#8221;0px&#8221; top_margin_phone=&#8221;0px&#8221; column_element_spacing=&#8221;default&#8221; background_color_opacity=&#8221;1&#8243; background_hover_color_opacity=&#8221;1&#8243; column_shadow=&#8221;none&#8221; column_border_radius=&#8221;none&#8221; column_link_target=&#8221;_self&#8221; gradient_direction=&#8221;left_to_right&#8221; overlay_strength=&#8221;0.3&#8243; width=&#8221;1\/1&#8243; tablet_width_inherit=&#8221;default&#8221; animation_type=&#8221;default&#8221; bg_image_animation=&#8221;none&#8221; border_type=&#8221;simple&#8221; column_border_width=&#8221;none&#8221; column_border_style=&#8221;solid&#8221;][vc_column_text css=&#8221;.vc_custom_1658236448647{padding-right: 10% !important;}&#8221;]\n<p data-pm-slice=\"1 1 []\">Meie meeskond asub Kalamaja s\u00fcdames aadressil Niine 7. Me oleme v\u00e4ike turundusekspertide meeskond, kes aitab teid teie turundusvajadustega.<\/p>\n<p>Oleme spetsialiseerunud lead&#8217;ide genereerimisele ja saame aidata teil luua kasutajaid oma uudiskirja v\u00f5i telemarketingu lead&#8217;ide jaoks.<\/p>\n<p>Meie ettev\u00f5ttesisesed meediaostjad suudavad pakkuda teile kvaliteetset liiklust ja konversioone kogu veebist. Oleme eksperdid b\u00e4nnerireklaami, sotsiaalmeedia, natiivse ja e-kirjaturunduse alal.<\/p>\n<p>Kas vajate abi konversioonide ja m\u00fc\u00fcgi saavutamisel? V\u00f5tke meiega \u00fchendust ja me aitame teid.[\/vc_column_text][nectar_cta btn_style=&#8221;arrow-animation&#8221; heading_tag=&#8221;h5&#8243; text_color=&#8221;#000000&#8243; button_color=&#8221;default&#8221; button_border_thickness=&#8221;0px&#8221; link_type=&#8221;regular&#8221; alignment=&#8221;left&#8221; alignment_tablet=&#8221;default&#8221; alignment_phone=&#8221;default&#8221; display=&#8221;block&#8221; display_tablet=&#8221;inherit&#8221; display_phone=&#8221;inherit&#8221; link_text=&#8221;V\u00f5tke meiega \u00fchendust&#8221; url=&#8221;https:\/\/www.nordic-leads.fi\/et\/votke-uhendust\/&#8221; margin_top=&#8221;10&#8243;][\/vc_column_inner][\/vc_row_inner][\/vc_column][\/vc_row]\n","protected":false},"excerpt":{"rendered":"<p>[vc_row type=&#8221;full_width_background&#8221; full_screen_row_position=&#8221;middle&#8221; column_margin=&#8221;90px&#8221; equal_height=&#8221;yes&#8221; content_placement=&#8221;middle&#8221; column_direction=&#8221;default&#8221; column_direction_tablet=&#8221;default&#8221; column_direction_phone=&#8221;default&#8221; bg_color=&#8221;#ffffff&#8221; scene_position=&#8221;center&#8221; top_padding=&#8221;4%&#8221; constrain_group_1=&#8221;yes&#8221; bottom_padding=&#8221;4%&#8221; top_padding_tablet=&#8221;15%&#8221; constrain_group_3=&#8221;yes&#8221; bottom_padding_tablet=&#8221;15%&#8221; text_color=&#8221;dark&#8221; text_align=&#8221;left&#8221; row_border_radius=&#8221;none&#8221; row_border_radius_applies=&#8221;bg&#8221; overflow=&#8221;visible&#8221; advanced_gradient_angle=&#8221;0&#8243; overlay_strength=&#8221;0.3&#8243; gradient_direction=&#8221;left_to_right&#8221; shape_divider_position=&#8221;bottom&#8221; bg_image_animation=&#8221;none&#8221; shape_type=&#8221;&#8221; gradient_type=&#8221;default&#8221;][vc_column column_padding=&#8221;no-extra-padding&#8221;&#8230;<\/p>\n","protected":false},"author":3,"featured_media":0,"parent":0,"menu_order":0,"comment_status":"closed","ping_status":"closed","template":"","meta":{"footnotes":""},"class_list":["post-1567","page","type-page","status-publish"],"yoast_head":"<!-- This site is optimized with the Yoast SEO plugin v25.0 - https:\/\/yoast.com\/wordpress\/plugins\/seo\/ -->\n<title>Eesti B2C lead&#039;id ja tulemuslikkuse turundus | NORDICLEADS<\/title>\n<meta name=\"robots\" content=\"index, follow, max-snippet:-1, max-image-preview:large, max-video-preview:-1\" \/>\n<link rel=\"canonical\" href=\"https:\/\/www.nordic-leads.fi\/et\/eesti-b2c-leadid\/\" \/>\n<meta property=\"og:locale\" content=\"et_EE\" \/>\n<meta property=\"og:type\" content=\"article\" \/>\n<meta property=\"og:title\" content=\"Eesti B2C lead&#039;id ja tulemuslikkuse turundus | NORDICLEADS\" \/>\n<meta property=\"og:description\" content=\"[vc_row type=&#8221;full_width_background&#8221; full_screen_row_position=&#8221;middle&#8221; column_margin=&#8221;90px&#8221; equal_height=&#8221;yes&#8221; content_placement=&#8221;middle&#8221; column_direction=&#8221;default&#8221; column_direction_tablet=&#8221;default&#8221; column_direction_phone=&#8221;default&#8221; bg_color=&#8221;#ffffff&#8221; scene_position=&#8221;center&#8221; top_padding=&#8221;4%&#8221; constrain_group_1=&#8221;yes&#8221; bottom_padding=&#8221;4%&#8221; top_padding_tablet=&#8221;15%&#8221; constrain_group_3=&#8221;yes&#8221; bottom_padding_tablet=&#8221;15%&#8221; text_color=&#8221;dark&#8221; text_align=&#8221;left&#8221; row_border_radius=&#8221;none&#8221; row_border_radius_applies=&#8221;bg&#8221; overflow=&#8221;visible&#8221; advanced_gradient_angle=&#8221;0&#8243; overlay_strength=&#8221;0.3&#8243; gradient_direction=&#8221;left_to_right&#8221; shape_divider_position=&#8221;bottom&#8221; bg_image_animation=&#8221;none&#8221; shape_type=&#8221;&#8221; gradient_type=&#8221;default&#8221;][vc_column column_padding=&#8221;no-extra-padding&#8221;...\" \/>\n<meta property=\"og:url\" content=\"https:\/\/www.nordic-leads.fi\/et\/eesti-b2c-leadid\/\" \/>\n<meta property=\"og:site_name\" content=\"NORDICLEADS\" \/>\n<meta property=\"article:modified_time\" content=\"2022-11-29T13:32:29+00:00\" \/>\n<meta name=\"twitter:card\" content=\"summary_large_image\" \/>\n<meta name=\"twitter:label1\" content=\"Est. reading time\" \/>\n\t<meta name=\"twitter:data1\" content=\"2 minutit\" \/>\n<script type=\"application\/ld+json\" class=\"yoast-schema-graph\">{\"@context\":\"https:\/\/schema.org\",\"@graph\":[{\"@type\":\"WebPage\",\"@id\":\"https:\/\/www.nordic-leads.fi\/et\/eesti-b2c-leadid\/\",\"url\":\"https:\/\/www.nordic-leads.fi\/et\/eesti-b2c-leadid\/\",\"name\":\"Eesti B2C lead'id ja tulemuslikkuse turundus | NORDICLEADS\",\"isPartOf\":{\"@id\":\"https:\/\/www.nordic-leads.fi\/et\/#website\"},\"datePublished\":\"2022-07-19T13:11:37+00:00\",\"dateModified\":\"2022-11-29T13:32:29+00:00\",\"breadcrumb\":{\"@id\":\"https:\/\/www.nordic-leads.fi\/et\/eesti-b2c-leadid\/#breadcrumb\"},\"inLanguage\":\"et\",\"potentialAction\":[{\"@type\":\"ReadAction\",\"target\":[\"https:\/\/www.nordic-leads.fi\/et\/eesti-b2c-leadid\/\"]}]},{\"@type\":\"BreadcrumbList\",\"@id\":\"https:\/\/www.nordic-leads.fi\/et\/eesti-b2c-leadid\/#breadcrumb\",\"itemListElement\":[{\"@type\":\"ListItem\",\"position\":1,\"name\":\"Home\",\"item\":\"https:\/\/www.nordic-leads.fi\/et\/\"},{\"@type\":\"ListItem\",\"position\":2,\"name\":\"Eesti B2C lead&#8217;id ja tulemuslikkuse turundus\"}]},{\"@type\":\"WebSite\",\"@id\":\"https:\/\/www.nordic-leads.fi\/et\/#website\",\"url\":\"https:\/\/www.nordic-leads.fi\/et\/\",\"name\":\"NORDICLEADS\",\"description\":\"NL | Data Delivered\",\"publisher\":{\"@id\":\"https:\/\/www.nordic-leads.fi\/et\/#organization\"},\"potentialAction\":[{\"@type\":\"SearchAction\",\"target\":{\"@type\":\"EntryPoint\",\"urlTemplate\":\"https:\/\/www.nordic-leads.fi\/et\/?s={search_term_string}\"},\"query-input\":{\"@type\":\"PropertyValueSpecification\",\"valueRequired\":true,\"valueName\":\"search_term_string\"}}],\"inLanguage\":\"et\"},{\"@type\":\"Organization\",\"@id\":\"https:\/\/www.nordic-leads.fi\/et\/#organization\",\"name\":\"Nordic Leads\",\"url\":\"https:\/\/www.nordic-leads.fi\/et\/\",\"logo\":{\"@type\":\"ImageObject\",\"inLanguage\":\"et\",\"@id\":\"https:\/\/www.nordic-leads.fi\/et\/#\/schema\/logo\/image\/\",\"url\":\"https:\/\/www.nordic-leads.fi\/wp-content\/uploads\/2022\/04\/nordicleadslogo_black-1.png\",\"contentUrl\":\"https:\/\/www.nordic-leads.fi\/wp-content\/uploads\/2022\/04\/nordicleadslogo_black-1.png\",\"width\":2268,\"height\":846,\"caption\":\"Nordic Leads\"},\"image\":{\"@id\":\"https:\/\/www.nordic-leads.fi\/et\/#\/schema\/logo\/image\/\"}}]}<\/script>\n<!-- \/ Yoast SEO plugin. -->","yoast_head_json":{"title":"Eesti B2C lead'id ja tulemuslikkuse turundus | NORDICLEADS","robots":{"index":"index","follow":"follow","max-snippet":"max-snippet:-1","max-image-preview":"max-image-preview:large","max-video-preview":"max-video-preview:-1"},"canonical":"https:\/\/www.nordic-leads.fi\/et\/eesti-b2c-leadid\/","og_locale":"et_EE","og_type":"article","og_title":"Eesti B2C lead'id ja tulemuslikkuse turundus | NORDICLEADS","og_description":"[vc_row type=&#8221;full_width_background&#8221; full_screen_row_position=&#8221;middle&#8221; column_margin=&#8221;90px&#8221; equal_height=&#8221;yes&#8221; content_placement=&#8221;middle&#8221; column_direction=&#8221;default&#8221; column_direction_tablet=&#8221;default&#8221; column_direction_phone=&#8221;default&#8221; bg_color=&#8221;#ffffff&#8221; scene_position=&#8221;center&#8221; top_padding=&#8221;4%&#8221; constrain_group_1=&#8221;yes&#8221; bottom_padding=&#8221;4%&#8221; top_padding_tablet=&#8221;15%&#8221; constrain_group_3=&#8221;yes&#8221; bottom_padding_tablet=&#8221;15%&#8221; text_color=&#8221;dark&#8221; text_align=&#8221;left&#8221; row_border_radius=&#8221;none&#8221; row_border_radius_applies=&#8221;bg&#8221; overflow=&#8221;visible&#8221; advanced_gradient_angle=&#8221;0&#8243; overlay_strength=&#8221;0.3&#8243; gradient_direction=&#8221;left_to_right&#8221; shape_divider_position=&#8221;bottom&#8221; bg_image_animation=&#8221;none&#8221; shape_type=&#8221;&#8221; gradient_type=&#8221;default&#8221;][vc_column column_padding=&#8221;no-extra-padding&#8221;...","og_url":"https:\/\/www.nordic-leads.fi\/et\/eesti-b2c-leadid\/","og_site_name":"NORDICLEADS","article_modified_time":"2022-11-29T13:32:29+00:00","twitter_card":"summary_large_image","twitter_misc":{"Est. reading time":"2 minutit"},"schema":{"@context":"https:\/\/schema.org","@graph":[{"@type":"WebPage","@id":"https:\/\/www.nordic-leads.fi\/et\/eesti-b2c-leadid\/","url":"https:\/\/www.nordic-leads.fi\/et\/eesti-b2c-leadid\/","name":"Eesti B2C lead'id ja tulemuslikkuse turundus | NORDICLEADS","isPartOf":{"@id":"https:\/\/www.nordic-leads.fi\/et\/#website"},"datePublished":"2022-07-19T13:11:37+00:00","dateModified":"2022-11-29T13:32:29+00:00","breadcrumb":{"@id":"https:\/\/www.nordic-leads.fi\/et\/eesti-b2c-leadid\/#breadcrumb"},"inLanguage":"et","potentialAction":[{"@type":"ReadAction","target":["https:\/\/www.nordic-leads.fi\/et\/eesti-b2c-leadid\/"]}]},{"@type":"BreadcrumbList","@id":"https:\/\/www.nordic-leads.fi\/et\/eesti-b2c-leadid\/#breadcrumb","itemListElement":[{"@type":"ListItem","position":1,"name":"Home","item":"https:\/\/www.nordic-leads.fi\/et\/"},{"@type":"ListItem","position":2,"name":"Eesti B2C lead&#8217;id ja tulemuslikkuse turundus"}]},{"@type":"WebSite","@id":"https:\/\/www.nordic-leads.fi\/et\/#website","url":"https:\/\/www.nordic-leads.fi\/et\/","name":"NORDICLEADS","description":"NL | Data Delivered","publisher":{"@id":"https:\/\/www.nordic-leads.fi\/et\/#organization"},"potentialAction":[{"@type":"SearchAction","target":{"@type":"EntryPoint","urlTemplate":"https:\/\/www.nordic-leads.fi\/et\/?s={search_term_string}"},"query-input":{"@type":"PropertyValueSpecification","valueRequired":true,"valueName":"search_term_string"}}],"inLanguage":"et"},{"@type":"Organization","@id":"https:\/\/www.nordic-leads.fi\/et\/#organization","name":"Nordic Leads","url":"https:\/\/www.nordic-leads.fi\/et\/","logo":{"@type":"ImageObject","inLanguage":"et","@id":"https:\/\/www.nordic-leads.fi\/et\/#\/schema\/logo\/image\/","url":"https:\/\/www.nordic-leads.fi\/wp-content\/uploads\/2022\/04\/nordicleadslogo_black-1.png","contentUrl":"https:\/\/www.nordic-leads.fi\/wp-content\/uploads\/2022\/04\/nordicleadslogo_black-1.png","width":2268,"height":846,"caption":"Nordic Leads"},"image":{"@id":"https:\/\/www.nordic-leads.fi\/et\/#\/schema\/logo\/image\/"}}]}},"_links":{"self":[{"href":"https:\/\/www.nordic-leads.fi\/et\/wp-json\/wp\/v2\/pages\/1567","targetHints":{"allow":["GET"]}}],"collection":[{"href":"https:\/\/www.nordic-leads.fi\/et\/wp-json\/wp\/v2\/pages"}],"about":[{"href":"https:\/\/www.nordic-leads.fi\/et\/wp-json\/wp\/v2\/types\/page"}],"author":[{"embeddable":true,"href":"https:\/\/www.nordic-leads.fi\/et\/wp-json\/wp\/v2\/users\/3"}],"replies":[{"embeddable":true,"href":"https:\/\/www.nordic-leads.fi\/et\/wp-json\/wp\/v2\/comments?post=1567"}],"version-history":[{"count":7,"href":"https:\/\/www.nordic-leads.fi\/et\/wp-json\/wp\/v2\/pages\/1567\/revisions"}],"predecessor-version":[{"id":2369,"href":"https:\/\/www.nordic-leads.fi\/et\/wp-json\/wp\/v2\/pages\/1567\/revisions\/2369"}],"wp:attachment":[{"href":"https:\/\/www.nordic-leads.fi\/et\/wp-json\/wp\/v2\/media?parent=1567"}],"curies":[{"name":"wp","href":"https:\/\/api.w.org\/{rel}","templated":true}]}}