{"id":2423,"date":"2024-01-26T10:21:36","date_gmt":"2024-01-26T10:21:36","guid":{"rendered":"https:\/\/www.nordic-leads.fi\/voitjad\/"},"modified":"2025-02-05T15:07:01","modified_gmt":"2025-02-05T15:07:01","slug":"voitjad","status":"publish","type":"page","link":"https:\/\/www.nordic-leads.fi\/et\/voitjad\/","title":{"rendered":"V\u00f5itjad"},"content":{"rendered":"[vc_row type=&#8221;in_container&#8221; full_screen_row_position=&#8221;middle&#8221; column_margin=&#8221;default&#8221; column_direction=&#8221;default&#8221; column_direction_tablet=&#8221;default&#8221; column_direction_phone=&#8221;default&#8221; scene_position=&#8221;center&#8221; text_color=&#8221;dark&#8221; text_align=&#8221;left&#8221; row_border_radius=&#8221;none&#8221; row_border_radius_applies=&#8221;bg&#8221; overflow=&#8221;visible&#8221; overlay_strength=&#8221;0.3&#8243; gradient_direction=&#8221;left_to_right&#8221; shape_divider_position=&#8221;bottom&#8221; bg_image_animation=&#8221;none&#8221;][vc_column column_padding=&#8221;no-extra-padding&#8221; column_padding_tablet=&#8221;inherit&#8221; column_padding_phone=&#8221;inherit&#8221; column_padding_position=&#8221;all&#8221; column_element_spacing=&#8221;default&#8221; background_color_opacity=&#8221;1&#8243; background_hover_color_opacity=&#8221;1&#8243; column_shadow=&#8221;none&#8221; column_border_radius=&#8221;none&#8221; column_link_target=&#8221;_self&#8221; column_position=&#8221;default&#8221; gradient_direction=&#8221;left_to_right&#8221; overlay_strength=&#8221;0.3&#8243; width=&#8221;1\/1&#8243; tablet_width_inherit=&#8221;default&#8221; tablet_text_alignment=&#8221;default&#8221; phone_text_alignment=&#8221;default&#8221; animation_type=&#8221;default&#8221; bg_image_animation=&#8221;none&#8221; border_type=&#8221;simple&#8221; column_border_width=&#8221;none&#8221; column_border_style=&#8221;solid&#8221;][vc_column_text]\n&#13;\n<h2 class=\"wp-block-heading has-x-large-font-size\">Viimased v\u00f5itjad<\/h2>&#13;\n<p>&nbsp;<\/p>\n<hr class=\"wp-block-separator has-alpha-channel-opacity\" \/><p>&nbsp;<\/p>\n&#13;\n<p class=\"has-medium-font-size\">Igal aastal loosime v\u00e4lja 10 000 Norra krooni suuruse peaauhinna Norras, 10 000 Rootsi krooni suuruse peaauhinna Rootsis ja 1000 euro suuruse peaauhinna Soomes. Samuti loosime L\u00e4tis ja Eestis 2 korda 250 eurot.<\/p>&#13;\n<p>&nbsp;<\/p>\n&#13;\n<p class=\"has-medium-font-size\">V\u00f5idud antakse v\u00e4lja super kinkekaardina gogift IO-le (Norras alternatiivselt Glede kinkekaardina) v\u00f5i rahalise auhinnana. Eesti ja L\u00e4ti puhul s\u00f5ltub kinkekaart\/preemia konkursist. Need on alati valmis, et saata need vastava riigi v\u00f5itjale.<\/p>&#13;\n<p>&nbsp;<\/p>\n&#13;\n<p class=\"has-medium-font-size\">Rootsis on meil 2024. aasta jooksul iga kvartal 1000 Rootsi krooni suuruses boonusloosis igakuised v\u00f5itjad. 12 v\u00f5itjat loositakse v\u00e4lja kord kvartalis (01.01-03.31, 01.04-30.06, 01.07-30.09 ja 01.10-31.12) ning neid v\u00f5itjaid teavitatakse ja esitatakse veebilehel kolm korraga hiljemalt 30 kalendrip\u00e4eva p\u00e4rast kvartali l\u00f5ppu.<\/p>&#13;\n<p>&nbsp;<\/p>\n&#13;\n<p class=\"has-medium-font-size\">2023. aasta peaauhinna v\u00f5itjad avaldatakse samuti siin enne veebruari l\u00f5ppu p\u00e4rast konkursi l\u00f5ppu, samuti v\u00f5imalikud boonusv\u00f5itjad.<\/p>&#13;\n<p>&nbsp;<\/p>\n&#13;\n<p class=\"has-medium-font-size\">Taanis toimuvaid v\u00f5istlusi haldab SwishMedia BV ja kinkekaarte jagatakse korrap\u00e4raste ajavahemike j\u00e4rel.<\/p>&#13;\n<p>&nbsp;<\/p>\n<hr class=\"wp-block-separator has-alpha-channel-opacity\" \/><p>&nbsp;<\/p>\n\n<div class=\"wp-block-jetpack-markdown\">\n<h1>Norra<\/h1>\n<h2>Spareklubbnorge V\u00f5itjad<\/h2>\n<h3>Peaauhind 2022<\/h3>\n<ul>\n<li><strong>V\u00f5itja<\/strong>: Unni R Skotterudist<\/li>\n<li><strong>Auhind<\/strong>: NOK 10,000 kinkekaart<\/li>\n<\/ul>\n<p><em>\u2b50 Palju \u00f5nne Unni oma kinkekaardi puhul!<\/em><\/p>\n<h3>Salap\u00e4rane tekkide konkurss (l\u00f5ppenud 20. september)<\/h3>\n<ul>\n<li><strong>V\u00f5itja<\/strong>: Bente Pinslund Trondheimist<\/li>\n<li><strong>Koost\u00f6\u00f6<\/strong>: InteriorGiveaways<\/li>\n<li><strong>Auhind<\/strong>: Salap\u00e4rane tekk<\/li>\n<\/ul>\n<p><em>\u2b50 H\u00e4sti tehtud, Bente!<\/em><\/p>\n<h3>Voodikomplekti konkurss (l\u00f5ppenud 1. september)<\/h3>\n<ul>\n<li><strong>V\u00f5itja<\/strong>: Inger-Lise Admundsen<\/li>\n<li><strong>Koost\u00f6\u00f6<\/strong>: InteriorGiveaways<\/li>\n<li><strong>Disainer<\/strong>: HALVOR BAKKE<\/li>\n<li><strong>Auhind<\/strong>: NOK v\u00e4\u00e4rtuses 1041 Norra krooni<\/li>\n<\/ul>\n<p><em>\u2b50 Palju \u00f5nne Inger-Lise!<\/em><\/p>\n<h3>Koti konkurss (l\u00f5ppenud 24. augustil)<\/h3>\n<ul>\n<li><strong>V\u00f5itja<\/strong>: Lisbeth Tolne<\/li>\n<li><strong>Koost\u00f6\u00f6<\/strong>: InteriorGiveaways<\/li>\n<li><strong>Br\u00e4ndi<\/strong>: RE:DESIGNED by Dixie<\/li>\n<li><strong>Auhind<\/strong>: Disainer kott<\/li>\n<\/ul>\n<p><em>\u2b50 Naudi oma uut kotti, Lisbeth!<\/em><\/p>\n<\/div>\n<p>&nbsp;<\/p>\n<hr class=\"wp-block-separator has-alpha-channel-opacity\" \/><p>&nbsp;<\/p>\n\n<div class=\"wp-block-jetpack-markdown\">\n<h1>Rootsi<\/h1>\n<h2>Sparklubben.nu V\u00f5itjad<\/h2>\n<h3>Peaauhind 2022<\/h3>\n<ul>\n<li><strong>V\u00f5itja<\/strong>: Karl-Bertil Brom\u00f6lla&#8217;st<\/li>\n<li><strong>Auhind<\/strong>: SEK 10,000 kinkekaart<\/li>\n<\/ul>\n<p><em>\u2b50 Palju \u00f5nne kinkekaardi puhul Karl-Bertil!<\/em><\/p>\n<ul>\n<li>M\u00e4rkus: V\u00f5itjad kuulutatakse v\u00e4lja hilinemisega. V\u00e4rskeimat teavet v\u00f5itjate kohta saate <a href=\"mailto:info@nordic-leads.com\">aadressil info@nordic-leads.com<\/a>.<\/li>\n<\/ul>\n<h3>Boonuskonkursid<\/h3>\n<ul>\n<li><strong>V\u00f5itja<\/strong>: H\u00e5kan S Stockholmist<\/li>\n<li><strong>V\u00f5itja<\/strong>: Susanne Serk V\u00e4xj\u00f6st<\/li>\n<li><strong>Auhind<\/strong>: Kaks Rootsi t\u0161ekki summas 500 SEK<\/li>\n<\/ul>\n<p><em>\u2b50 Palju \u00f5nne kinkekaardi puhul, H\u00e5kan!<\/em><\/p>\n<p><em>\u2b50 Palju \u00f5nne kinkekaardi puhul Susanne!<\/em><\/p>\n<h3>J\u00f5ulukonkurss<\/h3>\n<ul>\n<li><strong>V\u00f5itja<\/strong>: Eva Eriksson Brommast<\/li>\n<li><strong>Auhind<\/strong>: 1000 kr Mathemile<\/li>\n<\/ul>\n<p><em>\u2b50 Palju \u00f5nne kinkekaardi puhul Eva!<\/em><\/p>\n<\/div>\n<p>&nbsp;<\/p>\n<hr class=\"wp-block-separator has-alpha-channel-opacity\" \/><p>&nbsp;<\/p>\n\n<div class=\"wp-block-jetpack-markdown\">\n<h1>Taani<\/h1>\n<h2>Sparklubben.dk V\u00f5itjad<\/h2>\n<h3>Lalandia kinkekaardi konkurss (l\u00f5ppenud 30. juuni)<\/h3>\n<ul>\n<li><strong>V\u00f5itja<\/strong>: Samar Kopenhaagen NV-st<\/li>\n<li><strong>Auhind<\/strong>: DKK 5,000 kinkekaart Lalandia&#8217;sse.<\/li>\n<\/ul>\n<p><em>\u2b50 Palju \u00f5nne Samar!<\/em><\/p>\n<h3>Toidukaupluste kinkekaartide konkurss (loositud juuni 30, 2022)<\/h3>\n<ul>\n<li><strong>V\u00f5itja<\/strong>: Per Kopenhaagenist S<\/li>\n<li><strong>Auhind<\/strong>: DKK 5000 krooni \u00fcksk\u00f5ik millisesse toidupoodi.<\/li>\n<\/ul>\n<p><em>\u2b50 Palju \u00f5nne Per!<\/em><\/p>\n<h3>Toidukaupluste kinkekaartide konkurss (loositud 31. jaanuar 2022)<\/h3>\n<ul>\n<li><strong>V\u00f5itja<\/strong>: Allan Slangerupist<\/li>\n<li><strong>Auhind<\/strong>: DKK 5000 krooni \u00fcksk\u00f5ik millisesse toidupoodi.<\/li>\n<\/ul>\n<p><em>\u2b50 Palju \u00f5nne Allan!<\/em><\/p>\n<h3>Viimased v\u00f5itjad loositud 2024<\/h3>\n<ul>\n<li><strong>V\u00f5itja<\/strong>: Zenia Asperupist<\/li>\n<li><strong>Auhind<\/strong>: Tavaline gavekort<\/li>\n<\/ul>\n<p><em>\u2b50 Palju \u00f5nne Zenia!<\/em><\/p>\n<ul>\n<li><strong>V\u00f5itja<\/strong>: Fatima Mamo Stensrupist<\/li>\n<li><strong>Auhind<\/strong>: Kinkekaart tema valitud supermarketisse<\/li>\n<\/ul>\n<p><em>\u2b50 Palju \u00f5nne Fatima!<\/em><\/p>\n<h3>M\u00e4rkus: Alates 2023. aastast haldab Sparklubbeni Taani v\u00f5istluste loosimisi Swish Media. 2023. aasta v\u00f5itjate kohta v\u00f5tke \u00fchendust <a href=\"mailto:info@swish-media.com\">aadressil info@swish-media.com<\/a>.<\/h3>\n<\/div>\n<p>&nbsp;<\/p>\n<hr class=\"wp-block-separator has-alpha-channel-opacity\" \/><p>&nbsp;<\/p>\n\n<div class=\"wp-block-jetpack-markdown\">\n<h1>Eesti<\/h1>\n<h2>Pakkumisteklubi.ee v\u00f5itjad<\/h2>\n<h3>Prisma kinkekaardi konkurss (l\u00f5ppenud 1. mai 2023)<\/h3>\n<ul>\n<li><strong>V\u00f5itja<\/strong>: Raja Raasikust<\/li>\n<li><strong>Auhind<\/strong>: 250\u20ac v\u00e4\u00e4rtuses Prisma kinkekaarte<\/li>\n<\/ul>\n<p><em>\u2b50 Palju \u00f5nne Raja!<\/em><\/p>\n<h3>Partnerkaart kinkekaardi konkurss (l\u00f5peb 31. detsember 2023)<\/h3>\n<ul>\n<li><strong>V\u00f5itja<\/strong>: Merle Susi<\/li>\n<li><strong>Auhind<\/strong>: 250\u20ac v\u00e4\u00e4rtuses Partneri kinkekaarte<\/li>\n<\/ul>\n<p><em>\u2b50 Palju \u00f5nne Merle!<\/em><\/p>\n<div class=\"wp-block-jetpack-markdown\">\n<h3>Partnerkaart kinkekaardi konkurss (l\u00f5peb 31. detsember 2024)<\/h3>\n<ul>\n<li><strong>V\u00f5itja<\/strong>: Kristel K.<\/li>\n<li><strong>Auhind<\/strong>: 250\u20ac v\u00e4\u00e4rtuses Partneri kinkekaarte<\/li>\n<\/ul>\n<p><em>\u2b50 Palju \u00f5nne Kristel!<\/em><\/p>\n<\/div>\n<p><\/p>\n<p>&nbsp;<\/p>\n<\/div>\n<p><!-- \/wp:post-content --><\/p>\n<p>&nbsp;<\/p>\n<p><!-- wp:separator --><\/p>\n<hr class=\"wp-block-separator has-alpha-channel-opacity\"><!-- \/wp:separator --><\/p>\n<p>&nbsp;<\/p>\n<p><!-- wp:jetpack\/markdown {\"source\":\"# Latvia\\n\\n## Megapiedavajumi.lv Winners\\n\\n### Rimi Gift Card Competition (Ended Dec 31, 2023)\\n- **Winner**: \\n- **Prize**: 250\u20ac worth of Rimi giftcards\\n\\n*\u2b50 Congratulations *\\n\\n\\n\"} --><\/p>\n<div class=\"wp-block-jetpack-markdown\">\n<h1>L\u00e4ti<\/h1>\n<h2>Megapiedavajumi.lv V\u00f5itjad<\/h2>\n<h3>Rimi kinkekaardi konkurss (l\u00f5peb 31. detsember 2023)<\/h3>\n<ul>\n<li><strong>V\u00f5itja<\/strong>:  <\/li>\n<li><strong>Auhind<\/strong>: 250\u20ac v\u00e4\u00e4rtuses Rimi kinkekaarte<\/li>\n<\/ul>\n<p>*\u00d5nnitlused&#8230;<\/p>\n<\/div>\n<p><!-- \/wp:jetpack\/markdown --> <\/p>\n[\/vc_column_text][\/vc_column][\/vc_row]\n","protected":false},"excerpt":{"rendered":"<p>[vc_row type=&#8221;in_container&#8221; full_screen_row_position=&#8221;middle&#8221; column_margin=&#8221;default&#8221; column_direction=&#8221;default&#8221; column_direction_tablet=&#8221;default&#8221; column_direction_phone=&#8221;default&#8221; scene_position=&#8221;center&#8221; text_color=&#8221;dark&#8221; text_align=&#8221;left&#8221; row_border_radius=&#8221;none&#8221; row_border_radius_applies=&#8221;bg&#8221; overflow=&#8221;visible&#8221; overlay_strength=&#8221;0.3&#8243; gradient_direction=&#8221;left_to_right&#8221; shape_divider_position=&#8221;bottom&#8221; bg_image_animation=&#8221;none&#8221;][vc_column column_padding=&#8221;no-extra-padding&#8221; column_padding_tablet=&#8221;inherit&#8221; column_padding_phone=&#8221;inherit&#8221; column_padding_position=&#8221;all&#8221; column_element_spacing=&#8221;default&#8221; background_color_opacity=&#8221;1&#8243; background_hover_color_opacity=&#8221;1&#8243; column_shadow=&#8221;none&#8221; column_border_radius=&#8221;none&#8221; column_link_target=&#8221;_self&#8221; column_position=&#8221;default&#8221; gradient_direction=&#8221;left_to_right&#8221; overlay_strength=&#8221;0.3&#8243;&#8230;<\/p>\n","protected":false},"author":3,"featured_media":0,"parent":0,"menu_order":0,"comment_status":"closed","ping_status":"closed","template":"","meta":{"footnotes":""},"class_list":["post-2423","page","type-page","status-publish"],"yoast_head":"<!-- This site is optimized with the Yoast SEO plugin v25.0 - https:\/\/yoast.com\/wordpress\/plugins\/seo\/ -->\n<title>V\u00f5itjad | NORDICLEADS<\/title>\n<meta name=\"robots\" content=\"index, follow, max-snippet:-1, max-image-preview:large, max-video-preview:-1\" \/>\n<link rel=\"canonical\" href=\"https:\/\/www.nordic-leads.fi\/et\/voitjad\/\" \/>\n<meta property=\"og:locale\" content=\"et_EE\" \/>\n<meta property=\"og:type\" content=\"article\" \/>\n<meta property=\"og:title\" content=\"V\u00f5itjad | NORDICLEADS\" \/>\n<meta property=\"og:description\" content=\"[vc_row type=&#8221;in_container&#8221; full_screen_row_position=&#8221;middle&#8221; column_margin=&#8221;default&#8221; column_direction=&#8221;default&#8221; column_direction_tablet=&#8221;default&#8221; column_direction_phone=&#8221;default&#8221; scene_position=&#8221;center&#8221; text_color=&#8221;dark&#8221; text_align=&#8221;left&#8221; row_border_radius=&#8221;none&#8221; row_border_radius_applies=&#8221;bg&#8221; overflow=&#8221;visible&#8221; overlay_strength=&#8221;0.3&#8243; gradient_direction=&#8221;left_to_right&#8221; shape_divider_position=&#8221;bottom&#8221; bg_image_animation=&#8221;none&#8221;][vc_column column_padding=&#8221;no-extra-padding&#8221; column_padding_tablet=&#8221;inherit&#8221; column_padding_phone=&#8221;inherit&#8221; column_padding_position=&#8221;all&#8221; column_element_spacing=&#8221;default&#8221; background_color_opacity=&#8221;1&#8243; background_hover_color_opacity=&#8221;1&#8243; column_shadow=&#8221;none&#8221; column_border_radius=&#8221;none&#8221; column_link_target=&#8221;_self&#8221; column_position=&#8221;default&#8221; gradient_direction=&#8221;left_to_right&#8221; overlay_strength=&#8221;0.3&#8243;...\" \/>\n<meta property=\"og:url\" content=\"https:\/\/www.nordic-leads.fi\/et\/voitjad\/\" \/>\n<meta property=\"og:site_name\" content=\"NORDICLEADS\" \/>\n<meta property=\"article:modified_time\" content=\"2025-02-05T15:07:01+00:00\" \/>\n<meta name=\"twitter:card\" content=\"summary_large_image\" \/>\n<meta name=\"twitter:label1\" content=\"Est. reading time\" \/>\n\t<meta name=\"twitter:data1\" content=\"3 minutit\" \/>\n<script type=\"application\/ld+json\" class=\"yoast-schema-graph\">{\"@context\":\"https:\/\/schema.org\",\"@graph\":[{\"@type\":\"WebPage\",\"@id\":\"https:\/\/www.nordic-leads.fi\/et\/voitjad\/\",\"url\":\"https:\/\/www.nordic-leads.fi\/et\/voitjad\/\",\"name\":\"V\u00f5itjad | NORDICLEADS\",\"isPartOf\":{\"@id\":\"https:\/\/www.nordic-leads.fi\/et\/#website\"},\"datePublished\":\"2024-01-26T10:21:36+00:00\",\"dateModified\":\"2025-02-05T15:07:01+00:00\",\"breadcrumb\":{\"@id\":\"https:\/\/www.nordic-leads.fi\/et\/voitjad\/#breadcrumb\"},\"inLanguage\":\"et\",\"potentialAction\":[{\"@type\":\"ReadAction\",\"target\":[\"https:\/\/www.nordic-leads.fi\/et\/voitjad\/\"]}]},{\"@type\":\"BreadcrumbList\",\"@id\":\"https:\/\/www.nordic-leads.fi\/et\/voitjad\/#breadcrumb\",\"itemListElement\":[{\"@type\":\"ListItem\",\"position\":1,\"name\":\"Home\",\"item\":\"https:\/\/www.nordic-leads.fi\/et\/\"},{\"@type\":\"ListItem\",\"position\":2,\"name\":\"V\u00f5itjad\"}]},{\"@type\":\"WebSite\",\"@id\":\"https:\/\/www.nordic-leads.fi\/et\/#website\",\"url\":\"https:\/\/www.nordic-leads.fi\/et\/\",\"name\":\"NORDICLEADS\",\"description\":\"NL | Data Delivered\",\"publisher\":{\"@id\":\"https:\/\/www.nordic-leads.fi\/et\/#organization\"},\"potentialAction\":[{\"@type\":\"SearchAction\",\"target\":{\"@type\":\"EntryPoint\",\"urlTemplate\":\"https:\/\/www.nordic-leads.fi\/et\/?s={search_term_string}\"},\"query-input\":{\"@type\":\"PropertyValueSpecification\",\"valueRequired\":true,\"valueName\":\"search_term_string\"}}],\"inLanguage\":\"et\"},{\"@type\":\"Organization\",\"@id\":\"https:\/\/www.nordic-leads.fi\/et\/#organization\",\"name\":\"Nordic Leads\",\"url\":\"https:\/\/www.nordic-leads.fi\/et\/\",\"logo\":{\"@type\":\"ImageObject\",\"inLanguage\":\"et\",\"@id\":\"https:\/\/www.nordic-leads.fi\/et\/#\/schema\/logo\/image\/\",\"url\":\"https:\/\/www.nordic-leads.fi\/wp-content\/uploads\/2022\/04\/nordicleadslogo_black-1.png\",\"contentUrl\":\"https:\/\/www.nordic-leads.fi\/wp-content\/uploads\/2022\/04\/nordicleadslogo_black-1.png\",\"width\":2268,\"height\":846,\"caption\":\"Nordic Leads\"},\"image\":{\"@id\":\"https:\/\/www.nordic-leads.fi\/et\/#\/schema\/logo\/image\/\"}}]}<\/script>\n<!-- \/ Yoast SEO plugin. -->","yoast_head_json":{"title":"V\u00f5itjad | NORDICLEADS","robots":{"index":"index","follow":"follow","max-snippet":"max-snippet:-1","max-image-preview":"max-image-preview:large","max-video-preview":"max-video-preview:-1"},"canonical":"https:\/\/www.nordic-leads.fi\/et\/voitjad\/","og_locale":"et_EE","og_type":"article","og_title":"V\u00f5itjad | NORDICLEADS","og_description":"[vc_row type=&#8221;in_container&#8221; full_screen_row_position=&#8221;middle&#8221; column_margin=&#8221;default&#8221; column_direction=&#8221;default&#8221; column_direction_tablet=&#8221;default&#8221; column_direction_phone=&#8221;default&#8221; scene_position=&#8221;center&#8221; text_color=&#8221;dark&#8221; text_align=&#8221;left&#8221; row_border_radius=&#8221;none&#8221; row_border_radius_applies=&#8221;bg&#8221; overflow=&#8221;visible&#8221; overlay_strength=&#8221;0.3&#8243; gradient_direction=&#8221;left_to_right&#8221; shape_divider_position=&#8221;bottom&#8221; bg_image_animation=&#8221;none&#8221;][vc_column column_padding=&#8221;no-extra-padding&#8221; column_padding_tablet=&#8221;inherit&#8221; column_padding_phone=&#8221;inherit&#8221; column_padding_position=&#8221;all&#8221; column_element_spacing=&#8221;default&#8221; background_color_opacity=&#8221;1&#8243; background_hover_color_opacity=&#8221;1&#8243; column_shadow=&#8221;none&#8221; column_border_radius=&#8221;none&#8221; column_link_target=&#8221;_self&#8221; column_position=&#8221;default&#8221; gradient_direction=&#8221;left_to_right&#8221; overlay_strength=&#8221;0.3&#8243;...","og_url":"https:\/\/www.nordic-leads.fi\/et\/voitjad\/","og_site_name":"NORDICLEADS","article_modified_time":"2025-02-05T15:07:01+00:00","twitter_card":"summary_large_image","twitter_misc":{"Est. reading time":"3 minutit"},"schema":{"@context":"https:\/\/schema.org","@graph":[{"@type":"WebPage","@id":"https:\/\/www.nordic-leads.fi\/et\/voitjad\/","url":"https:\/\/www.nordic-leads.fi\/et\/voitjad\/","name":"V\u00f5itjad | NORDICLEADS","isPartOf":{"@id":"https:\/\/www.nordic-leads.fi\/et\/#website"},"datePublished":"2024-01-26T10:21:36+00:00","dateModified":"2025-02-05T15:07:01+00:00","breadcrumb":{"@id":"https:\/\/www.nordic-leads.fi\/et\/voitjad\/#breadcrumb"},"inLanguage":"et","potentialAction":[{"@type":"ReadAction","target":["https:\/\/www.nordic-leads.fi\/et\/voitjad\/"]}]},{"@type":"BreadcrumbList","@id":"https:\/\/www.nordic-leads.fi\/et\/voitjad\/#breadcrumb","itemListElement":[{"@type":"ListItem","position":1,"name":"Home","item":"https:\/\/www.nordic-leads.fi\/et\/"},{"@type":"ListItem","position":2,"name":"V\u00f5itjad"}]},{"@type":"WebSite","@id":"https:\/\/www.nordic-leads.fi\/et\/#website","url":"https:\/\/www.nordic-leads.fi\/et\/","name":"NORDICLEADS","description":"NL | Data Delivered","publisher":{"@id":"https:\/\/www.nordic-leads.fi\/et\/#organization"},"potentialAction":[{"@type":"SearchAction","target":{"@type":"EntryPoint","urlTemplate":"https:\/\/www.nordic-leads.fi\/et\/?s={search_term_string}"},"query-input":{"@type":"PropertyValueSpecification","valueRequired":true,"valueName":"search_term_string"}}],"inLanguage":"et"},{"@type":"Organization","@id":"https:\/\/www.nordic-leads.fi\/et\/#organization","name":"Nordic Leads","url":"https:\/\/www.nordic-leads.fi\/et\/","logo":{"@type":"ImageObject","inLanguage":"et","@id":"https:\/\/www.nordic-leads.fi\/et\/#\/schema\/logo\/image\/","url":"https:\/\/www.nordic-leads.fi\/wp-content\/uploads\/2022\/04\/nordicleadslogo_black-1.png","contentUrl":"https:\/\/www.nordic-leads.fi\/wp-content\/uploads\/2022\/04\/nordicleadslogo_black-1.png","width":2268,"height":846,"caption":"Nordic Leads"},"image":{"@id":"https:\/\/www.nordic-leads.fi\/et\/#\/schema\/logo\/image\/"}}]}},"_links":{"self":[{"href":"https:\/\/www.nordic-leads.fi\/et\/wp-json\/wp\/v2\/pages\/2423","targetHints":{"allow":["GET"]}}],"collection":[{"href":"https:\/\/www.nordic-leads.fi\/et\/wp-json\/wp\/v2\/pages"}],"about":[{"href":"https:\/\/www.nordic-leads.fi\/et\/wp-json\/wp\/v2\/types\/page"}],"author":[{"embeddable":true,"href":"https:\/\/www.nordic-leads.fi\/et\/wp-json\/wp\/v2\/users\/3"}],"replies":[{"embeddable":true,"href":"https:\/\/www.nordic-leads.fi\/et\/wp-json\/wp\/v2\/comments?post=2423"}],"version-history":[{"count":4,"href":"https:\/\/www.nordic-leads.fi\/et\/wp-json\/wp\/v2\/pages\/2423\/revisions"}],"predecessor-version":[{"id":2447,"href":"https:\/\/www.nordic-leads.fi\/et\/wp-json\/wp\/v2\/pages\/2423\/revisions\/2447"}],"wp:attachment":[{"href":"https:\/\/www.nordic-leads.fi\/et\/wp-json\/wp\/v2\/media?parent=2423"}],"curies":[{"name":"wp","href":"https:\/\/api.w.org\/{rel}","templated":true}]}}