{"id":2425,"date":"2024-01-26T10:21:36","date_gmt":"2024-01-26T10:21:36","guid":{"rendered":"https:\/\/www.nordic-leads.fi\/vinnere\/"},"modified":"2025-02-05T15:07:06","modified_gmt":"2025-02-05T15:07:06","slug":"vinnere","status":"publish","type":"page","link":"https:\/\/www.nordic-leads.fi\/no\/vinnere\/","title":{"rendered":"Vinnere"},"content":{"rendered":"[vc_row type=&raquo;in_container&raquo; full_screen_row_position=&raquo;middle&raquo; column_margin=&raquo;default&raquo; column_direction=&raquo;default&raquo; column_direction_tablet=&raquo;default&raquo; column_direction_phone=&raquo;default&raquo; scene_position=&raquo;center&raquo; text_color=&raquo;dark&raquo; text_align=&raquo;left&raquo; row_border_radius=&raquo;none&raquo; row_border_radius_applies=&raquo;bg&raquo; overflow=&raquo;visible&raquo; overlay_strength=&raquo;0.3&#8243; gradient_direction=&raquo;left_to_right&raquo; shape_divider_position=&raquo;bottom&raquo; bg_image_animation=&raquo;none&raquo;][vc_column column_padding=&raquo;no-extra-padding&raquo; column_padding_tablet=&raquo;inherit&raquo; column_padding_phone=&raquo;inherit&raquo; column_padding_position=&raquo;all&raquo; column_element_spacing=&raquo;default&raquo; background_color_opacity=&raquo;1&#8243; background_hover_color_opacity=&raquo;1&#8243; column_shadow=&raquo;none&raquo; column_border_radius=&raquo;none&raquo; column_link_target=&raquo;_self&raquo; column_position=&raquo;default&raquo; gradient_direction=&raquo;left_to_right&raquo; overlay_strength=&raquo;0.3&#8243; width=&raquo;1\/1&#8243; tablet_width_inherit=&raquo;default&raquo; tablet_text_alignment=&raquo;default&raquo; phone_text_alignment=&raquo;default&raquo; animation_type=&raquo;default&raquo; bg_image_animation=&raquo;none&raquo; border_type=&raquo;simple&raquo; column_border_width=&raquo;none&raquo; column_border_style=&raquo;solid&raquo;][vc_column_text]\n&#13;\n<h2 class=\"wp-block-heading has-x-large-font-size\">De siste vinnerne<\/h2>&#13;\n<p>&nbsp;<\/p>\n<hr class=\"wp-block-separator has-alpha-channel-opacity\" \/><p>&nbsp;<\/p>\n&#13;\n<p class=\"has-medium-font-size\">Hvert \u00e5r trekker vi ut en vinner av en hovedpremie p\u00e5 10 000 NOK i Norge, en p\u00e5 10 000 SEK i Sverige og en p\u00e5 1000 EUR i Finland. Vi gj\u00f8r ogs\u00e5 2 trekninger p\u00e5 250 euro i Latvia og Estland.<\/p>&#13;\n<p>&nbsp;<\/p>\n&#13;\n<p class=\"has-medium-font-size\">Gevinstene deles ut i form av et supergavekort til gogift IO (i Norge alternativt et Glede-gavekort) eller som en pengepremie. For Estland og Latvia avhenger gavekortet\/premien av konkurransen. Disse er alltid klare til \u00e5 sendes ut til en vinner i det aktuelle landet.<\/p>&#13;\n<p>&nbsp;<\/p>\n&#13;\n<p class=\"has-medium-font-size\">I Sverige vil vi i l\u00f8pet av 2024 ha m\u00e5nedlige vinnere p\u00e5 1 000 SEK i en bonustrekning hvert kvartal. De 12 vinnerne trekkes ut hvert kvartal (01.01-03.31, 01.04-30.06, 01.07-30.09 og 01.10-31.12), og disse vinnerne informeres og presenteres p\u00e5 nettsiden tre om gangen senest 30 kalenderdager etter kvartalets utl\u00f8p.<\/p>&#13;\n<p>&nbsp;<\/p>\n&#13;\n<p class=\"has-medium-font-size\">Vinnerne av hovedprisen i 2023 vil ogs\u00e5 bli publisert her innen utgangen av februar etter konkurransens slutt, i tillegg til eventuelle bonusvinnere.<\/p>&#13;\n<p>&nbsp;<\/p>\n&#13;\n<p class=\"has-medium-font-size\">Konkurransene i Danmark administreres av SwishMedia BV, og gavekortene deles ut med jevne mellomrom.<\/p>&#13;\n<p>&nbsp;<\/p>\n<hr class=\"wp-block-separator has-alpha-channel-opacity\" \/><p>&nbsp;<\/p>\n\n<div class=\"wp-block-jetpack-markdown\">\n<h1>Norge<\/h1>\n<h2>Vinnere av Spareklubbnorge<\/h2>\n<h3>Hovedpris 2022<\/h3>\n<ul>\n<li><strong>Vinner<\/strong>: Unni R fra Skotterud<\/li>\n<li><strong>Premie<\/strong>: Gavekort p\u00e5 10 000 NOK<\/li>\n<\/ul>\n<p><em>\u2b50 Gratulerer Unni med gavekortet!<\/em><\/p>\n<h3>Mystery Blanket-konkurranse (avsluttet 20. september)<\/h3>\n<ul>\n<li><strong>Vinner<\/strong>: Bente Pinslund fra Trondheim<\/li>\n<li><strong>Samarbeid<\/strong>: Interi\u00f8rGiveaways<\/li>\n<li><strong>Premie<\/strong>: Mystisk teppe<\/li>\n<\/ul>\n<p><em>\u2b50 Godt gjort, Bente!<\/em><\/p>\n<h3>Konkurranse om sengesett (avsluttet 1. september)<\/h3>\n<ul>\n<li><strong>Vinner<\/strong>: Inger-Lise Admundsen<\/li>\n<li><strong>Samarbeid<\/strong>: Interi\u00f8rGiveaways<\/li>\n<li><strong>Designer<\/strong>: HALVOR BAKKE<\/li>\n<li><strong>Premie<\/strong>: Sengesett til en verdi av 1041 NOK<\/li>\n<\/ul>\n<p><em>\u2b50 Gratulerer Inger-Lise!<\/em><\/p>\n<h3>Veskekonkurranse (avsluttet 24. august)<\/h3>\n<ul>\n<li><strong>Vinner<\/strong>: Lisbeth Tolne<\/li>\n<li><strong>Samarbeid<\/strong>: Interi\u00f8rGiveaways<\/li>\n<li><strong>Merkevare<\/strong>: RE:DESIGNED by Dixie<\/li>\n<li><strong>Premie<\/strong>: Designerveske<\/li>\n<\/ul>\n<p><em>\u2b50 Kos deg med den nye vesken din, Lisbeth!<\/em><\/p>\n<\/div>\n<p>&nbsp;<\/p>\n<hr class=\"wp-block-separator has-alpha-channel-opacity\" \/><p>&nbsp;<\/p>\n\n<div class=\"wp-block-jetpack-markdown\">\n<h1>Sverige<\/h1>\n<h2>Sparklubben.nu Vinnere<\/h2>\n<h3>Hovedpris 2022<\/h3>\n<ul>\n<li><strong>Vinner<\/strong>: Karl-Bertil fra Brom\u00f6lla<\/li>\n<li><strong>Premie<\/strong>: Gavekort p\u00e5 10 000 SEK<\/li>\n<\/ul>\n<p><em>\u2b50 Gratulerer med gavekortet Karl-Bertil!<\/em><\/p>\n<ul>\n<li>Merk: Vinnerne kunngj\u00f8res med en forsinkelse. Hvis du vil ha den nyeste vinnerinformasjonen, kan du kontakte <a href=\"mailto:info@nordic-leads.com\">info@nordic-leads.com<\/a>.<\/li>\n<\/ul>\n<h3>Bonuskonkurranser<\/h3>\n<ul>\n<li><strong>Vinner<\/strong>: H\u00e5kan S fra Stockholm<\/li>\n<li><strong>Vinner<\/strong>: Susanne Serk fra V\u00e4xj\u00f6<\/li>\n<li><strong>Premie<\/strong>: To svenske sjekker p\u00e5 500 SEK<\/li>\n<\/ul>\n<p><em>\u2b50 Gratulerer med gavekortet ditt H\u00e5kan!<\/em><\/p>\n<p><em>\u2b50 Gratulerer med gavekortet ditt Susanne!<\/em><\/p>\n<h3>Julekonkurranse<\/h3>\n<ul>\n<li><strong>Vinner<\/strong>: Eva Eriksson fra Bromma<\/li>\n<li><strong>Premie<\/strong>: 1000 kr til Mathem<\/li>\n<\/ul>\n<p><em>\u2b50 Gratulerer med gavekortet Eva!<\/em><\/p>\n<\/div>\n<p>&nbsp;<\/p>\n<hr class=\"wp-block-separator has-alpha-channel-opacity\" \/><p>&nbsp;<\/p>\n\n<div class=\"wp-block-jetpack-markdown\">\n<h1>Danmark<\/h1>\n<h2>Vinnere av Sparklubben.dk<\/h2>\n<h3>Lalandia-gavekortkonkurranse (avsluttet 30. juni)<\/h3>\n<ul>\n<li><strong>Vinner<\/strong>: Samar fra K\u00f8benhavn NV<\/li>\n<li><strong>Premie<\/strong>: Gavekort p\u00e5 5 000 DKK til Lalandia<\/li>\n<\/ul>\n<p><em>\u2b50 Gratulerer Samar!<\/em><\/p>\n<h3>Gavekortkonkurranse for dagligvarebutikker (trukket 30. juni 2022)<\/h3>\n<ul>\n<li><strong>Vinner<\/strong>: Per fra K\u00f8benhavn S<\/li>\n<li><strong>Premie<\/strong>: 5 000 DKK til valgfri dagligvarebutikk<\/li>\n<\/ul>\n<p><em>\u2b50 Gratulerer Per!<\/em><\/p>\n<h3>Gavekortkonkurranse for dagligvarebutikker (Trekning 31. januar 2022)<\/h3>\n<ul>\n<li><strong>Vinner<\/strong>: Allan fra Slangerup<\/li>\n<li><strong>Premie<\/strong>: 5 000 DKK til valgfri dagligvarebutikk<\/li>\n<\/ul>\n<p><em>\u2b50 Gratulerer Allan!<\/em><\/p>\n<h3>Siste vinnere trukket ut 2024<\/h3>\n<ul>\n<li><strong>Vinner<\/strong>: Zenia fra Asperup<\/li>\n<li><strong>Pris<\/strong>: Normal gavekort<\/li>\n<\/ul>\n<p><em>\u2b50 Gratulerer Zenia!<\/em><\/p>\n<ul>\n<li><strong>Vinner<\/strong>: Fatima Mamo fra Stensrup<\/li>\n<li><strong>Premie<\/strong>: Gavekort til et valgfritt supermarked<\/li>\n<\/ul>\n<p><em>\u2b50 Gratulerer, Fatima!<\/em><\/p>\n<h3>Merk: Fra og med 2023 administreres trekningen av Sparklubbens danske konkurranser av Swish Media. For vinnere i 2023, kontakt <a href=\"mailto:info@swish-media.com\">info@swish-media.com<\/a>.<\/h3>\n<\/div>\n<p>&nbsp;<\/p>\n<hr class=\"wp-block-separator has-alpha-channel-opacity\" \/><p>&nbsp;<\/p>\n\n<div class=\"wp-block-jetpack-markdown\">\n<h1>Estland<\/h1>\n<h2>Pakkumisteklubi.ee-vinnere<\/h2>\n<h3>Prisma gavekortkonkurranse (avsluttet 1. mai 2023)<\/h3>\n<ul>\n<li><strong>Vinner<\/strong>: Raja fra Raasiku<\/li>\n<li><strong>Premie<\/strong>: Prisma-gavekort til en verdi av 250 \u20ac.<\/li>\n<\/ul>\n<p><em>\u2b50 Gratulerer Raja!<\/em><\/p>\n<h3>Partnerkaart-gavekortkonkurranse (avsluttet 31. desember 2023)<\/h3>\n<ul>\n<li><strong>Vinner<\/strong>: Merle Susi<\/li>\n<li><strong>Premie<\/strong>: Partner-gavekort til en verdi av 250 \u20ac.<\/li>\n<\/ul>\n<p><em>\u2b50 Gratulerer Merle!<\/em><\/p>\n<div class=\"wp-block-jetpack-markdown\">\n<h3>Partnerkaart-gavekortkonkurranse (avsluttet 31. desember 2024)<\/h3>\n<ul>\n<li><strong>Vinneren<\/strong>: Kristel K.<\/li>\n<li><strong>Premie<\/strong>: Partner-gavekort til en verdi av 250 \u20ac.<\/li>\n<\/ul>\n<p><em>\u2b50 Gratulerer Kristel!<\/em><\/p>\n<\/div>\n<p><\/p>\n<p>&nbsp;<\/p>\n<\/div>\n<p><!-- \/wp:post-content --><\/p>\n<p>&nbsp;<\/p>\n<p><!-- wp:separator --><\/p>\n<hr class=\"wp-block-separator has-alpha-channel-opacity\"><!-- \/wp:separator --><\/p>\n<p>&nbsp;<\/p>\n<p><!-- wp:jetpack\/markdown {\"source\":\"# Latvia\\n\\n## Megapiedavajumi.lv Winners\\n\\n### Rimi Gift Card Competition (Ended Dec 31, 2023)\\n- **Winner**: \\n- **Prize**: 250\u20ac worth of Rimi giftcards\\n\\n*\u2b50 Congratulations *\\n\\n\\n\"} --><\/p>\n<div class=\"wp-block-jetpack-markdown\">\n<h1>Latvia<\/h1>\n<h2>Megapiedavajumi.lv Vinnere<\/h2>\n<h3>Rimi-gavekortkonkurranse (avsluttes 31. desember 2023)<\/h3>\n<ul>\n<li><strong>Vinner<\/strong>:  <\/li>\n<li><strong>Premie<\/strong>: Rimi-gavekort til en verdi av 250 \u20ac.<\/li>\n<\/ul>\n<p>*\u2b50 Gratulerer<\/p>\n<\/div>\n<p><!-- \/wp:jetpack\/markdown --> <\/p>\n[\/vc_column_text][\/vc_column][\/vc_row]\n","protected":false},"excerpt":{"rendered":"<p>[vc_row type=&raquo;in_container&raquo; full_screen_row_position=&raquo;middle&raquo; column_margin=&raquo;default&raquo; column_direction=&raquo;default&raquo; column_direction_tablet=&raquo;default&raquo; column_direction_phone=&raquo;default&raquo; scene_position=&raquo;center&raquo; text_color=&raquo;dark&raquo; text_align=&raquo;left&raquo; row_border_radius=&raquo;none&raquo; row_border_radius_applies=&raquo;bg&raquo; overflow=&raquo;visible&raquo; overlay_strength=&raquo;0.3&#8243; gradient_direction=&raquo;left_to_right&raquo; shape_divider_position=&raquo;bottom&raquo; bg_image_animation=&raquo;none&raquo;][vc_column column_padding=&raquo;no-extra-padding&raquo; column_padding_tablet=&raquo;inherit&raquo; column_padding_phone=&raquo;inherit&raquo; column_padding_position=&raquo;all&raquo; column_element_spacing=&raquo;default&raquo; background_color_opacity=&raquo;1&#8243; background_hover_color_opacity=&raquo;1&#8243; column_shadow=&raquo;none&raquo; column_border_radius=&raquo;none&raquo; column_link_target=&raquo;_self&raquo; column_position=&raquo;default&raquo; gradient_direction=&raquo;left_to_right&raquo; overlay_strength=&raquo;0.3&#8243;&#8230;<\/p>\n","protected":false},"author":3,"featured_media":0,"parent":0,"menu_order":0,"comment_status":"closed","ping_status":"closed","template":"","meta":{"footnotes":""},"class_list":["post-2425","page","type-page","status-publish"],"yoast_head":"<!-- This site is optimized with the Yoast SEO plugin v25.0 - https:\/\/yoast.com\/wordpress\/plugins\/seo\/ -->\n<title>Vinnere | NORDICLEADS<\/title>\n<meta name=\"robots\" content=\"index, follow, max-snippet:-1, max-image-preview:large, max-video-preview:-1\" \/>\n<link rel=\"canonical\" href=\"https:\/\/www.nordic-leads.fi\/no\/vinnere\/\" \/>\n<meta property=\"og:locale\" content=\"nb_NO\" \/>\n<meta property=\"og:type\" content=\"article\" \/>\n<meta property=\"og:title\" content=\"Vinnere | NORDICLEADS\" \/>\n<meta property=\"og:description\" content=\"[vc_row type=&raquo;in_container&raquo; full_screen_row_position=&raquo;middle&raquo; column_margin=&raquo;default&raquo; column_direction=&raquo;default&raquo; column_direction_tablet=&raquo;default&raquo; column_direction_phone=&raquo;default&raquo; scene_position=&raquo;center&raquo; text_color=&raquo;dark&raquo; text_align=&raquo;left&raquo; row_border_radius=&raquo;none&raquo; row_border_radius_applies=&raquo;bg&raquo; overflow=&raquo;visible&raquo; overlay_strength=&raquo;0.3&#8243; gradient_direction=&raquo;left_to_right&raquo; shape_divider_position=&raquo;bottom&raquo; bg_image_animation=&raquo;none&raquo;][vc_column column_padding=&raquo;no-extra-padding&raquo; column_padding_tablet=&raquo;inherit&raquo; column_padding_phone=&raquo;inherit&raquo; column_padding_position=&raquo;all&raquo; column_element_spacing=&raquo;default&raquo; background_color_opacity=&raquo;1&#8243; background_hover_color_opacity=&raquo;1&#8243; column_shadow=&raquo;none&raquo; column_border_radius=&raquo;none&raquo; column_link_target=&raquo;_self&raquo; column_position=&raquo;default&raquo; gradient_direction=&raquo;left_to_right&raquo; overlay_strength=&raquo;0.3&#8243;...\" \/>\n<meta property=\"og:url\" content=\"https:\/\/www.nordic-leads.fi\/no\/vinnere\/\" \/>\n<meta property=\"og:site_name\" content=\"NORDICLEADS\" \/>\n<meta property=\"article:modified_time\" content=\"2025-02-05T15:07:06+00:00\" \/>\n<meta name=\"twitter:card\" content=\"summary_large_image\" \/>\n<meta name=\"twitter:label1\" content=\"Ansl. lesetid\" \/>\n\t<meta name=\"twitter:data1\" content=\"3 minutter\" \/>\n<script type=\"application\/ld+json\" class=\"yoast-schema-graph\">{\"@context\":\"https:\/\/schema.org\",\"@graph\":[{\"@type\":\"WebPage\",\"@id\":\"https:\/\/www.nordic-leads.fi\/no\/vinnere\/\",\"url\":\"https:\/\/www.nordic-leads.fi\/no\/vinnere\/\",\"name\":\"Vinnere | NORDICLEADS\",\"isPartOf\":{\"@id\":\"https:\/\/www.nordic-leads.fi\/no\/#website\"},\"datePublished\":\"2024-01-26T10:21:36+00:00\",\"dateModified\":\"2025-02-05T15:07:06+00:00\",\"breadcrumb\":{\"@id\":\"https:\/\/www.nordic-leads.fi\/no\/vinnere\/#breadcrumb\"},\"inLanguage\":\"nb-NO\",\"potentialAction\":[{\"@type\":\"ReadAction\",\"target\":[\"https:\/\/www.nordic-leads.fi\/no\/vinnere\/\"]}]},{\"@type\":\"BreadcrumbList\",\"@id\":\"https:\/\/www.nordic-leads.fi\/no\/vinnere\/#breadcrumb\",\"itemListElement\":[{\"@type\":\"ListItem\",\"position\":1,\"name\":\"Home\",\"item\":\"https:\/\/www.nordic-leads.fi\/no\/\"},{\"@type\":\"ListItem\",\"position\":2,\"name\":\"Vinnere\"}]},{\"@type\":\"WebSite\",\"@id\":\"https:\/\/www.nordic-leads.fi\/no\/#website\",\"url\":\"https:\/\/www.nordic-leads.fi\/no\/\",\"name\":\"NORDICLEADS\",\"description\":\"NL | Data Delivered\",\"publisher\":{\"@id\":\"https:\/\/www.nordic-leads.fi\/no\/#organization\"},\"potentialAction\":[{\"@type\":\"SearchAction\",\"target\":{\"@type\":\"EntryPoint\",\"urlTemplate\":\"https:\/\/www.nordic-leads.fi\/no\/?s={search_term_string}\"},\"query-input\":{\"@type\":\"PropertyValueSpecification\",\"valueRequired\":true,\"valueName\":\"search_term_string\"}}],\"inLanguage\":\"nb-NO\"},{\"@type\":\"Organization\",\"@id\":\"https:\/\/www.nordic-leads.fi\/no\/#organization\",\"name\":\"Nordic Leads\",\"url\":\"https:\/\/www.nordic-leads.fi\/no\/\",\"logo\":{\"@type\":\"ImageObject\",\"inLanguage\":\"nb-NO\",\"@id\":\"https:\/\/www.nordic-leads.fi\/no\/#\/schema\/logo\/image\/\",\"url\":\"https:\/\/www.nordic-leads.fi\/wp-content\/uploads\/2022\/04\/nordicleadslogo_black-1.png\",\"contentUrl\":\"https:\/\/www.nordic-leads.fi\/wp-content\/uploads\/2022\/04\/nordicleadslogo_black-1.png\",\"width\":2268,\"height\":846,\"caption\":\"Nordic Leads\"},\"image\":{\"@id\":\"https:\/\/www.nordic-leads.fi\/no\/#\/schema\/logo\/image\/\"}}]}<\/script>\n<!-- \/ Yoast SEO plugin. -->","yoast_head_json":{"title":"Vinnere | NORDICLEADS","robots":{"index":"index","follow":"follow","max-snippet":"max-snippet:-1","max-image-preview":"max-image-preview:large","max-video-preview":"max-video-preview:-1"},"canonical":"https:\/\/www.nordic-leads.fi\/no\/vinnere\/","og_locale":"nb_NO","og_type":"article","og_title":"Vinnere | NORDICLEADS","og_description":"[vc_row type=&raquo;in_container&raquo; full_screen_row_position=&raquo;middle&raquo; column_margin=&raquo;default&raquo; column_direction=&raquo;default&raquo; column_direction_tablet=&raquo;default&raquo; column_direction_phone=&raquo;default&raquo; scene_position=&raquo;center&raquo; text_color=&raquo;dark&raquo; text_align=&raquo;left&raquo; row_border_radius=&raquo;none&raquo; row_border_radius_applies=&raquo;bg&raquo; overflow=&raquo;visible&raquo; overlay_strength=&raquo;0.3&#8243; gradient_direction=&raquo;left_to_right&raquo; shape_divider_position=&raquo;bottom&raquo; bg_image_animation=&raquo;none&raquo;][vc_column column_padding=&raquo;no-extra-padding&raquo; column_padding_tablet=&raquo;inherit&raquo; column_padding_phone=&raquo;inherit&raquo; column_padding_position=&raquo;all&raquo; column_element_spacing=&raquo;default&raquo; background_color_opacity=&raquo;1&#8243; background_hover_color_opacity=&raquo;1&#8243; column_shadow=&raquo;none&raquo; column_border_radius=&raquo;none&raquo; column_link_target=&raquo;_self&raquo; column_position=&raquo;default&raquo; gradient_direction=&raquo;left_to_right&raquo; overlay_strength=&raquo;0.3&#8243;...","og_url":"https:\/\/www.nordic-leads.fi\/no\/vinnere\/","og_site_name":"NORDICLEADS","article_modified_time":"2025-02-05T15:07:06+00:00","twitter_card":"summary_large_image","twitter_misc":{"Ansl. lesetid":"3 minutter"},"schema":{"@context":"https:\/\/schema.org","@graph":[{"@type":"WebPage","@id":"https:\/\/www.nordic-leads.fi\/no\/vinnere\/","url":"https:\/\/www.nordic-leads.fi\/no\/vinnere\/","name":"Vinnere | NORDICLEADS","isPartOf":{"@id":"https:\/\/www.nordic-leads.fi\/no\/#website"},"datePublished":"2024-01-26T10:21:36+00:00","dateModified":"2025-02-05T15:07:06+00:00","breadcrumb":{"@id":"https:\/\/www.nordic-leads.fi\/no\/vinnere\/#breadcrumb"},"inLanguage":"nb-NO","potentialAction":[{"@type":"ReadAction","target":["https:\/\/www.nordic-leads.fi\/no\/vinnere\/"]}]},{"@type":"BreadcrumbList","@id":"https:\/\/www.nordic-leads.fi\/no\/vinnere\/#breadcrumb","itemListElement":[{"@type":"ListItem","position":1,"name":"Home","item":"https:\/\/www.nordic-leads.fi\/no\/"},{"@type":"ListItem","position":2,"name":"Vinnere"}]},{"@type":"WebSite","@id":"https:\/\/www.nordic-leads.fi\/no\/#website","url":"https:\/\/www.nordic-leads.fi\/no\/","name":"NORDICLEADS","description":"NL | Data Delivered","publisher":{"@id":"https:\/\/www.nordic-leads.fi\/no\/#organization"},"potentialAction":[{"@type":"SearchAction","target":{"@type":"EntryPoint","urlTemplate":"https:\/\/www.nordic-leads.fi\/no\/?s={search_term_string}"},"query-input":{"@type":"PropertyValueSpecification","valueRequired":true,"valueName":"search_term_string"}}],"inLanguage":"nb-NO"},{"@type":"Organization","@id":"https:\/\/www.nordic-leads.fi\/no\/#organization","name":"Nordic Leads","url":"https:\/\/www.nordic-leads.fi\/no\/","logo":{"@type":"ImageObject","inLanguage":"nb-NO","@id":"https:\/\/www.nordic-leads.fi\/no\/#\/schema\/logo\/image\/","url":"https:\/\/www.nordic-leads.fi\/wp-content\/uploads\/2022\/04\/nordicleadslogo_black-1.png","contentUrl":"https:\/\/www.nordic-leads.fi\/wp-content\/uploads\/2022\/04\/nordicleadslogo_black-1.png","width":2268,"height":846,"caption":"Nordic Leads"},"image":{"@id":"https:\/\/www.nordic-leads.fi\/no\/#\/schema\/logo\/image\/"}}]}},"_links":{"self":[{"href":"https:\/\/www.nordic-leads.fi\/no\/wp-json\/wp\/v2\/pages\/2425","targetHints":{"allow":["GET"]}}],"collection":[{"href":"https:\/\/www.nordic-leads.fi\/no\/wp-json\/wp\/v2\/pages"}],"about":[{"href":"https:\/\/www.nordic-leads.fi\/no\/wp-json\/wp\/v2\/types\/page"}],"author":[{"embeddable":true,"href":"https:\/\/www.nordic-leads.fi\/no\/wp-json\/wp\/v2\/users\/3"}],"replies":[{"embeddable":true,"href":"https:\/\/www.nordic-leads.fi\/no\/wp-json\/wp\/v2\/comments?post=2425"}],"version-history":[{"count":6,"href":"https:\/\/www.nordic-leads.fi\/no\/wp-json\/wp\/v2\/pages\/2425\/revisions"}],"predecessor-version":[{"id":2450,"href":"https:\/\/www.nordic-leads.fi\/no\/wp-json\/wp\/v2\/pages\/2425\/revisions\/2450"}],"wp:attachment":[{"href":"https:\/\/www.nordic-leads.fi\/no\/wp-json\/wp\/v2\/media?parent=2425"}],"curies":[{"name":"wp","href":"https:\/\/api.w.org\/{rel}","templated":true}]}}