{"id":1650,"date":"2022-07-19T13:11:37","date_gmt":"2022-07-19T13:11:37","guid":{"rendered":"https:\/\/www.nordic-leads.fi\/estniska-b2c-leads-och-prestationsbaserad-marknadsforing\/"},"modified":"2022-10-27T13:21:14","modified_gmt":"2022-10-27T13:21:14","slug":"marknadsforingsbyra-i-estland","status":"publish","type":"page","link":"https:\/\/www.nordic-leads.fi\/sv\/marknadsforingsbyra-i-estland\/","title":{"rendered":"Marknadsf\u00f6r dig i Estland"},"content":{"rendered":"[vc_row type=&#8221;full_width_background&#8221; full_screen_row_position=&#8221;middle&#8221; column_margin=&#8221;90px&#8221; equal_height=&#8221;yes&#8221; content_placement=&#8221;middle&#8221; column_direction=&#8221;default&#8221; column_direction_tablet=&#8221;default&#8221; column_direction_phone=&#8221;default&#8221; bg_color=&#8221;#ffffff&#8221; scene_position=&#8221;center&#8221; top_padding=&#8221;4%&#8221; constrain_group_1=&#8221;yes&#8221; bottom_padding=&#8221;4%&#8221; top_padding_tablet=&#8221;15%&#8221; constrain_group_3=&#8221;yes&#8221; bottom_padding_tablet=&#8221;15%&#8221; text_color=&#8221;dark&#8221; text_align=&#8221;left&#8221; row_border_radius=&#8221;none&#8221; row_border_radius_applies=&#8221;bg&#8221; overflow=&#8221;visible&#8221; advanced_gradient_angle=&#8221;0&#8243; overlay_strength=&#8221;0.3&#8243; gradient_direction=&#8221;left_to_right&#8221; shape_divider_position=&#8221;bottom&#8221; bg_image_animation=&#8221;none&#8221; shape_type=&#8221;&#8221; gradient_type=&#8221;default&#8221;][vc_column column_padding=&#8221;no-extra-padding&#8221; column_padding_tablet=&#8221;inherit&#8221; column_padding_phone=&#8221;inherit&#8221; column_padding_position=&#8221;all&#8221; column_element_spacing=&#8221;default&#8221; background_color_opacity=&#8221;1&#8243; background_hover_color_opacity=&#8221;1&#8243; background_image=&#8221;1413&#8243; background_image_position=&#8221;center top&#8221; enable_bg_scale=&#8221;true&#8221; background_image_loading=&#8221;default&#8221; column_shadow=&#8221;none&#8221; column_border_radius=&#8221;none&#8221; column_link_target=&#8221;_self&#8221; column_position=&#8221;default&#8221; advanced_gradient_angle=&#8221;0&#8243; gradient_direction=&#8221;left_to_right&#8221; overlay_strength=&#8221;0.3&#8243; width=&#8221;1\/2&#8243; tablet_width_inherit=&#8221;default&#8221; tablet_text_alignment=&#8221;default&#8221; phone_text_alignment=&#8221;default&#8221; animation_type=&#8221;default&#8221; bg_image_animation=&#8221;zoom-out&#8221; border_type=&#8221;simple&#8221; column_border_width=&#8221;none&#8221; column_border_style=&#8221;solid&#8221; gradient_type=&#8221;default&#8221;][divider line_type=&#8221;No Line&#8221; custom_height_tablet=&#8221;600&#8243; custom_height_phone=&#8221;350&#8243;][\/vc_column][vc_column column_padding=&#8221;padding-7-percent&#8221; column_padding_tablet=&#8221;inherit&#8221; column_padding_phone=&#8221;inherit&#8221; column_padding_position=&#8221;top-bottom&#8221; column_element_spacing=&#8221;default&#8221; background_color_opacity=&#8221;1&#8243; background_hover_color_opacity=&#8221;1&#8243; column_shadow=&#8221;none&#8221; column_border_radius=&#8221;none&#8221; column_link_target=&#8221;_self&#8221; column_position=&#8221;default&#8221; zindex=&#8221;100&#8243; gradient_direction=&#8221;left_to_right&#8221; overlay_strength=&#8221;0.3&#8243; width=&#8221;1\/2&#8243; tablet_width_inherit=&#8221;default&#8221; tablet_text_alignment=&#8221;default&#8221; phone_text_alignment=&#8221;default&#8221; animation_type=&#8221;default&#8221; bg_image_animation=&#8221;none&#8221; border_type=&#8221;simple&#8221; column_border_width=&#8221;none&#8221; column_border_style=&#8221;solid&#8221;][vc_row_inner column_margin=&#8221;default&#8221; column_direction=&#8221;default&#8221; column_direction_tablet=&#8221;default&#8221; column_direction_phone=&#8221;default&#8221; translate_x=&#8221;-28%&#8221; translate_x_tablet=&#8221;0%&#8221; translate_x_phone=&#8221;0%&#8221; text_align=&#8221;left&#8221; row_position=&#8221;default&#8221; row_position_tablet=&#8221;inherit&#8221; row_position_phone=&#8221;inherit&#8221; overflow=&#8221;visible&#8221; pointer_events=&#8221;all&#8221;][vc_column_inner column_padding=&#8221;padding-10-percent&#8221; column_padding_tablet=&#8221;inherit&#8221; column_padding_phone=&#8221;inherit&#8221; column_padding_position=&#8221;right&#8221; column_element_spacing=&#8221;default&#8221; background_color_opacity=&#8221;1&#8243; background_hover_color_opacity=&#8221;1&#8243; column_shadow=&#8221;none&#8221; column_border_radius=&#8221;none&#8221; column_link_target=&#8221;_self&#8221; gradient_direction=&#8221;left_to_right&#8221; overlay_strength=&#8221;0.3&#8243; width=&#8221;1\/1&#8243; tablet_width_inherit=&#8221;default&#8221; animation_type=&#8221;default&#8221; bg_image_animation=&#8221;none&#8221; border_type=&#8221;simple&#8221; column_border_width=&#8221;none&#8221; column_border_style=&#8221;solid&#8221;][nectar_highlighted_text color_type=&#8221;gradient&#8221; highlight_color=&#8221;#007fd7&#8243; secondary_color=&#8221;rgba(255,107,48,0.01)&#8221; style=&#8221;half_text&#8221; custom_font_size=&#8221;7vh&#8221;]\n<h2>Estniska B2C <em>leads<\/em><\/h2>\n[\/nectar_highlighted_text][split_line_heading animation_type=&#8221;line-reveal-by-space&#8221; font_style=&#8221;h3&#8243; line_reveal_by_space_text_effect=&#8221;default&#8221; content_alignment=&#8221;default&#8221; mobile_content_alignment=&#8221;inherit&#8221; link_target=&#8221;_self&#8221; text_content=&#8221;&amp; prestationsmarknadsf\u00f6ring&#8221;][\/split_line_heading][\/vc_column_inner][\/vc_row_inner][vc_row_inner column_margin=&#8221;default&#8221; column_direction=&#8221;default&#8221; column_direction_tablet=&#8221;default&#8221; column_direction_phone=&#8221;default&#8221; text_align=&#8221;left&#8221; row_position=&#8221;default&#8221; row_position_tablet=&#8221;inherit&#8221; row_position_phone=&#8221;inherit&#8221; overflow=&#8221;visible&#8221; pointer_events=&#8221;all&#8221;][vc_column_inner column_padding=&#8221;no-extra-padding&#8221; column_padding_tablet=&#8221;inherit&#8221; column_padding_phone=&#8221;inherit&#8221; column_padding_position=&#8221;all&#8221; top_margin=&#8221;40&#8243; top_margin_tablet=&#8221;0px&#8221; top_margin_phone=&#8221;0px&#8221; column_element_spacing=&#8221;default&#8221; background_color_opacity=&#8221;1&#8243; background_hover_color_opacity=&#8221;1&#8243; column_shadow=&#8221;none&#8221; column_border_radius=&#8221;none&#8221; column_link_target=&#8221;_self&#8221; gradient_direction=&#8221;left_to_right&#8221; overlay_strength=&#8221;0.3&#8243; width=&#8221;1\/1&#8243; tablet_width_inherit=&#8221;default&#8221; animation_type=&#8221;default&#8221; bg_image_animation=&#8221;none&#8221; border_type=&#8221;simple&#8221; column_border_width=&#8221;none&#8221; column_border_style=&#8221;solid&#8221;][vc_column_text css=&#8221;.vc_custom_1658236448647{padding-right: 10% !important;}&#8221;]\n<p data-pm-slice=\"1 1 []\">V\u00e5rt team \u00e4r baserat i hj\u00e4rtat av Kalamaja p\u00e5 Niine 7. Vi \u00e4r ett litet team av marknadsf\u00f6ringsexperter och f\u00f6re detta digitala nomader som gjort Tallin till v\u00e5rt hem. Vi hj\u00e4lper dig med dina behov av prestationsbaserad marknadsf\u00f6ring.<\/p>\n<p>Vi har specialiserat oss p\u00e5 leadgenerering och kan hj\u00e4lpa dig att generera ny l\u00e4sare till ditt nyhetsbrev eller varma telemarketing leads till ditt call center.<\/p>\n<p>V\u00e5ra interna mediek\u00f6pare kan leverera h\u00f6gkvalitativ trafik och konverteringar fr\u00e5n hela webben. Vi \u00e4r experter p\u00e5 bannerreklam, sociala medier, direktmarknadsf\u00f6ring och e-postmarknadsf\u00f6ring.<\/p>\n<p>Beh\u00f6ver du hj\u00e4lp med att generera konverteringar, nya aff\u00e4rer och f\u00f6rs\u00e4ljning? Ta kontakt med oss s\u00e5 hj\u00e4lper vi dig.[\/vc_column_text][nectar_cta btn_style=&#8221;arrow-animation&#8221; heading_tag=&#8221;h5&#8243; text_color=&#8221;#000000&#8243; button_color=&#8221;default&#8221; button_border_thickness=&#8221;0px&#8221; link_type=&#8221;regular&#8221; alignment=&#8221;left&#8221; alignment_tablet=&#8221;default&#8221; alignment_phone=&#8221;default&#8221; display=&#8221;block&#8221; display_tablet=&#8221;inherit&#8221; display_phone=&#8221;inherit&#8221; link_text=&#8221;Kontakta oss&#8221; url=&#8221;https:\/\/www.nordic-leads.fi\/sv\/kontakt\/&#8221; margin_top=&#8221;10&#8243;][\/vc_column_inner][\/vc_row_inner][\/vc_column][\/vc_row]\n","protected":false},"excerpt":{"rendered":"<p>[vc_row type=&#8221;full_width_background&#8221; full_screen_row_position=&#8221;middle&#8221; column_margin=&#8221;90px&#8221; equal_height=&#8221;yes&#8221; content_placement=&#8221;middle&#8221; column_direction=&#8221;default&#8221; column_direction_tablet=&#8221;default&#8221; column_direction_phone=&#8221;default&#8221; bg_color=&#8221;#ffffff&#8221; scene_position=&#8221;center&#8221; top_padding=&#8221;4%&#8221; constrain_group_1=&#8221;yes&#8221; bottom_padding=&#8221;4%&#8221; top_padding_tablet=&#8221;15%&#8221; constrain_group_3=&#8221;yes&#8221; bottom_padding_tablet=&#8221;15%&#8221; text_color=&#8221;dark&#8221; text_align=&#8221;left&#8221; row_border_radius=&#8221;none&#8221; row_border_radius_applies=&#8221;bg&#8221; overflow=&#8221;visible&#8221; advanced_gradient_angle=&#8221;0&#8243; overlay_strength=&#8221;0.3&#8243; gradient_direction=&#8221;left_to_right&#8221; shape_divider_position=&#8221;bottom&#8221; bg_image_animation=&#8221;none&#8221; shape_type=&#8221;&#8221; gradient_type=&#8221;default&#8221;][vc_column column_padding=&#8221;no-extra-padding&#8221;&#8230;<\/p>\n","protected":false},"author":3,"featured_media":0,"parent":0,"menu_order":0,"comment_status":"closed","ping_status":"closed","template":"","meta":{"footnotes":""},"class_list":["post-1650","page","type-page","status-publish"],"yoast_head":"<!-- This site is optimized with the Yoast SEO plugin v25.0 - https:\/\/yoast.com\/wordpress\/plugins\/seo\/ -->\n<title>Marknadsf\u00f6r dig i Estland | NORDICLEADS<\/title>\n<meta name=\"description\" content=\"Vi \u00e4r ett team av Nordiska marknadsf\u00f6ringsexperter som lever och bor i Estland. Lansera effektiva marknadsf\u00f6ringskampanjer i Estland med oss!\" \/>\n<meta name=\"robots\" content=\"index, follow, max-snippet:-1, max-image-preview:large, max-video-preview:-1\" \/>\n<link rel=\"canonical\" href=\"https:\/\/www.nordic-leads.fi\/sv\/marknadsforingsbyra-i-estland\/\" \/>\n<meta property=\"og:locale\" content=\"sv_SE\" \/>\n<meta property=\"og:type\" content=\"article\" \/>\n<meta property=\"og:title\" content=\"Marknadsf\u00f6r dig i Estland | NORDICLEADS\" \/>\n<meta property=\"og:description\" content=\"Vi \u00e4r ett team av Nordiska marknadsf\u00f6ringsexperter som lever och bor i Estland. Lansera effektiva marknadsf\u00f6ringskampanjer i Estland med oss!\" \/>\n<meta property=\"og:url\" content=\"https:\/\/www.nordic-leads.fi\/sv\/marknadsforingsbyra-i-estland\/\" \/>\n<meta property=\"og:site_name\" content=\"NORDICLEADS\" \/>\n<meta property=\"article:modified_time\" content=\"2022-10-27T13:21:14+00:00\" \/>\n<meta name=\"twitter:card\" content=\"summary_large_image\" \/>\n<meta name=\"twitter:label1\" content=\"Ber\u00e4knad l\u00e4stid\" \/>\n\t<meta name=\"twitter:data1\" content=\"2 minuter\" \/>\n<script type=\"application\/ld+json\" class=\"yoast-schema-graph\">{\"@context\":\"https:\/\/schema.org\",\"@graph\":[{\"@type\":\"WebPage\",\"@id\":\"https:\/\/www.nordic-leads.fi\/sv\/marknadsforingsbyra-i-estland\/\",\"url\":\"https:\/\/www.nordic-leads.fi\/sv\/marknadsforingsbyra-i-estland\/\",\"name\":\"Marknadsf\u00f6r dig i Estland | NORDICLEADS\",\"isPartOf\":{\"@id\":\"https:\/\/www.nordic-leads.fi\/sv\/#website\"},\"datePublished\":\"2022-07-19T13:11:37+00:00\",\"dateModified\":\"2022-10-27T13:21:14+00:00\",\"description\":\"Vi \u00e4r ett team av Nordiska marknadsf\u00f6ringsexperter som lever och bor i Estland. Lansera effektiva marknadsf\u00f6ringskampanjer i Estland med oss!\",\"breadcrumb\":{\"@id\":\"https:\/\/www.nordic-leads.fi\/sv\/marknadsforingsbyra-i-estland\/#breadcrumb\"},\"inLanguage\":\"sv-SE\",\"potentialAction\":[{\"@type\":\"ReadAction\",\"target\":[\"https:\/\/www.nordic-leads.fi\/sv\/marknadsforingsbyra-i-estland\/\"]}]},{\"@type\":\"BreadcrumbList\",\"@id\":\"https:\/\/www.nordic-leads.fi\/sv\/marknadsforingsbyra-i-estland\/#breadcrumb\",\"itemListElement\":[{\"@type\":\"ListItem\",\"position\":1,\"name\":\"Home\",\"item\":\"https:\/\/www.nordic-leads.fi\/sv\/\"},{\"@type\":\"ListItem\",\"position\":2,\"name\":\"Marknadsf\u00f6r dig i Estland\"}]},{\"@type\":\"WebSite\",\"@id\":\"https:\/\/www.nordic-leads.fi\/sv\/#website\",\"url\":\"https:\/\/www.nordic-leads.fi\/sv\/\",\"name\":\"NORDICLEADS\",\"description\":\"NL | Data Delivered\",\"publisher\":{\"@id\":\"https:\/\/www.nordic-leads.fi\/sv\/#organization\"},\"potentialAction\":[{\"@type\":\"SearchAction\",\"target\":{\"@type\":\"EntryPoint\",\"urlTemplate\":\"https:\/\/www.nordic-leads.fi\/sv\/?s={search_term_string}\"},\"query-input\":{\"@type\":\"PropertyValueSpecification\",\"valueRequired\":true,\"valueName\":\"search_term_string\"}}],\"inLanguage\":\"sv-SE\"},{\"@type\":\"Organization\",\"@id\":\"https:\/\/www.nordic-leads.fi\/sv\/#organization\",\"name\":\"Nordic Leads\",\"url\":\"https:\/\/www.nordic-leads.fi\/sv\/\",\"logo\":{\"@type\":\"ImageObject\",\"inLanguage\":\"sv-SE\",\"@id\":\"https:\/\/www.nordic-leads.fi\/sv\/#\/schema\/logo\/image\/\",\"url\":\"https:\/\/www.nordic-leads.fi\/wp-content\/uploads\/2022\/04\/nordicleadslogo_black-1.png\",\"contentUrl\":\"https:\/\/www.nordic-leads.fi\/wp-content\/uploads\/2022\/04\/nordicleadslogo_black-1.png\",\"width\":2268,\"height\":846,\"caption\":\"Nordic Leads\"},\"image\":{\"@id\":\"https:\/\/www.nordic-leads.fi\/sv\/#\/schema\/logo\/image\/\"}}]}<\/script>\n<!-- \/ Yoast SEO plugin. -->","yoast_head_json":{"title":"Marknadsf\u00f6r dig i Estland | NORDICLEADS","description":"Vi \u00e4r ett team av Nordiska marknadsf\u00f6ringsexperter som lever och bor i Estland. Lansera effektiva marknadsf\u00f6ringskampanjer i Estland med oss!","robots":{"index":"index","follow":"follow","max-snippet":"max-snippet:-1","max-image-preview":"max-image-preview:large","max-video-preview":"max-video-preview:-1"},"canonical":"https:\/\/www.nordic-leads.fi\/sv\/marknadsforingsbyra-i-estland\/","og_locale":"sv_SE","og_type":"article","og_title":"Marknadsf\u00f6r dig i Estland | NORDICLEADS","og_description":"Vi \u00e4r ett team av Nordiska marknadsf\u00f6ringsexperter som lever och bor i Estland. Lansera effektiva marknadsf\u00f6ringskampanjer i Estland med oss!","og_url":"https:\/\/www.nordic-leads.fi\/sv\/marknadsforingsbyra-i-estland\/","og_site_name":"NORDICLEADS","article_modified_time":"2022-10-27T13:21:14+00:00","twitter_card":"summary_large_image","twitter_misc":{"Ber\u00e4knad l\u00e4stid":"2 minuter"},"schema":{"@context":"https:\/\/schema.org","@graph":[{"@type":"WebPage","@id":"https:\/\/www.nordic-leads.fi\/sv\/marknadsforingsbyra-i-estland\/","url":"https:\/\/www.nordic-leads.fi\/sv\/marknadsforingsbyra-i-estland\/","name":"Marknadsf\u00f6r dig i Estland | NORDICLEADS","isPartOf":{"@id":"https:\/\/www.nordic-leads.fi\/sv\/#website"},"datePublished":"2022-07-19T13:11:37+00:00","dateModified":"2022-10-27T13:21:14+00:00","description":"Vi \u00e4r ett team av Nordiska marknadsf\u00f6ringsexperter som lever och bor i Estland. Lansera effektiva marknadsf\u00f6ringskampanjer i Estland med oss!","breadcrumb":{"@id":"https:\/\/www.nordic-leads.fi\/sv\/marknadsforingsbyra-i-estland\/#breadcrumb"},"inLanguage":"sv-SE","potentialAction":[{"@type":"ReadAction","target":["https:\/\/www.nordic-leads.fi\/sv\/marknadsforingsbyra-i-estland\/"]}]},{"@type":"BreadcrumbList","@id":"https:\/\/www.nordic-leads.fi\/sv\/marknadsforingsbyra-i-estland\/#breadcrumb","itemListElement":[{"@type":"ListItem","position":1,"name":"Home","item":"https:\/\/www.nordic-leads.fi\/sv\/"},{"@type":"ListItem","position":2,"name":"Marknadsf\u00f6r dig i Estland"}]},{"@type":"WebSite","@id":"https:\/\/www.nordic-leads.fi\/sv\/#website","url":"https:\/\/www.nordic-leads.fi\/sv\/","name":"NORDICLEADS","description":"NL | Data Delivered","publisher":{"@id":"https:\/\/www.nordic-leads.fi\/sv\/#organization"},"potentialAction":[{"@type":"SearchAction","target":{"@type":"EntryPoint","urlTemplate":"https:\/\/www.nordic-leads.fi\/sv\/?s={search_term_string}"},"query-input":{"@type":"PropertyValueSpecification","valueRequired":true,"valueName":"search_term_string"}}],"inLanguage":"sv-SE"},{"@type":"Organization","@id":"https:\/\/www.nordic-leads.fi\/sv\/#organization","name":"Nordic Leads","url":"https:\/\/www.nordic-leads.fi\/sv\/","logo":{"@type":"ImageObject","inLanguage":"sv-SE","@id":"https:\/\/www.nordic-leads.fi\/sv\/#\/schema\/logo\/image\/","url":"https:\/\/www.nordic-leads.fi\/wp-content\/uploads\/2022\/04\/nordicleadslogo_black-1.png","contentUrl":"https:\/\/www.nordic-leads.fi\/wp-content\/uploads\/2022\/04\/nordicleadslogo_black-1.png","width":2268,"height":846,"caption":"Nordic Leads"},"image":{"@id":"https:\/\/www.nordic-leads.fi\/sv\/#\/schema\/logo\/image\/"}}]}},"_links":{"self":[{"href":"https:\/\/www.nordic-leads.fi\/sv\/wp-json\/wp\/v2\/pages\/1650","targetHints":{"allow":["GET"]}}],"collection":[{"href":"https:\/\/www.nordic-leads.fi\/sv\/wp-json\/wp\/v2\/pages"}],"about":[{"href":"https:\/\/www.nordic-leads.fi\/sv\/wp-json\/wp\/v2\/types\/page"}],"author":[{"embeddable":true,"href":"https:\/\/www.nordic-leads.fi\/sv\/wp-json\/wp\/v2\/users\/3"}],"replies":[{"embeddable":true,"href":"https:\/\/www.nordic-leads.fi\/sv\/wp-json\/wp\/v2\/comments?post=1650"}],"version-history":[{"count":9,"href":"https:\/\/www.nordic-leads.fi\/sv\/wp-json\/wp\/v2\/pages\/1650\/revisions"}],"predecessor-version":[{"id":2350,"href":"https:\/\/www.nordic-leads.fi\/sv\/wp-json\/wp\/v2\/pages\/1650\/revisions\/2350"}],"wp:attachment":[{"href":"https:\/\/www.nordic-leads.fi\/sv\/wp-json\/wp\/v2\/media?parent=1650"}],"curies":[{"name":"wp","href":"https:\/\/api.w.org\/{rel}","templated":true}]}}