{"id":2156,"date":"2022-07-19T13:19:17","date_gmt":"2022-07-19T13:19:17","guid":{"rendered":"https:\/\/www.nordic-leads.fi\/danska-b2c-leads\/"},"modified":"2022-10-27T13:21:42","modified_gmt":"2022-10-27T13:21:42","slug":"danska-b2c-leads","status":"publish","type":"page","link":"https:\/\/www.nordic-leads.fi\/sv\/danska-b2c-leads\/","title":{"rendered":"Danska B2C-leads"},"content":{"rendered":"[vc_row type=&#8221;full_width_background&#8221; full_screen_row_position=&#8221;middle&#8221; column_margin=&#8221;90px&#8221; equal_height=&#8221;yes&#8221; content_placement=&#8221;middle&#8221; column_direction=&#8221;default&#8221; column_direction_tablet=&#8221;default&#8221; column_direction_phone=&#8221;default&#8221; bg_color=&#8221;#ffffff&#8221; scene_position=&#8221;center&#8221; top_padding=&#8221;4%&#8221; constrain_group_1=&#8221;yes&#8221; bottom_padding=&#8221;4%&#8221; top_padding_tablet=&#8221;15%&#8221; constrain_group_3=&#8221;yes&#8221; bottom_padding_tablet=&#8221;15%&#8221; text_color=&#8221;dark&#8221; text_align=&#8221;left&#8221; row_border_radius=&#8221;none&#8221; row_border_radius_applies=&#8221;bg&#8221; overflow=&#8221;visible&#8221; advanced_gradient_angle=&#8221;0&#8243; overlay_strength=&#8221;0.3&#8243; gradient_direction=&#8221;left_to_right&#8221; shape_divider_position=&#8221;bottom&#8221; bg_image_animation=&#8221;none&#8221; shape_type=&#8221;&#8221; gradient_type=&#8221;default&#8221;][vc_column column_padding=&#8221;no-extra-padding&#8221; column_padding_tablet=&#8221;inherit&#8221; column_padding_phone=&#8221;inherit&#8221; column_padding_position=&#8221;all&#8221; column_element_spacing=&#8221;default&#8221; background_color_opacity=&#8221;1&#8243; background_hover_color_opacity=&#8221;1&#8243; background_image=&#8221;1420&#8243; background_image_position=&#8221;center top&#8221; enable_bg_scale=&#8221;true&#8221; background_image_loading=&#8221;default&#8221; column_shadow=&#8221;none&#8221; column_border_radius=&#8221;none&#8221; column_link_target=&#8221;_self&#8221; column_position=&#8221;default&#8221; advanced_gradient_angle=&#8221;0&#8243; gradient_direction=&#8221;left_to_right&#8221; overlay_strength=&#8221;0.3&#8243; width=&#8221;1\/2&#8243; tablet_width_inherit=&#8221;default&#8221; tablet_text_alignment=&#8221;default&#8221; phone_text_alignment=&#8221;default&#8221; animation_type=&#8221;default&#8221; bg_image_animation=&#8221;zoom-out&#8221; border_type=&#8221;simple&#8221; column_border_width=&#8221;none&#8221; column_border_style=&#8221;solid&#8221; gradient_type=&#8221;default&#8221;][divider line_type=&#8221;No Line&#8221; custom_height_tablet=&#8221;600&#8243; custom_height_phone=&#8221;350&#8243;][\/vc_column][vc_column column_padding=&#8221;padding-7-percent&#8221; column_padding_tablet=&#8221;inherit&#8221; column_padding_phone=&#8221;inherit&#8221; column_padding_position=&#8221;top-bottom&#8221; column_element_spacing=&#8221;default&#8221; background_color_opacity=&#8221;1&#8243; background_hover_color_opacity=&#8221;1&#8243; column_shadow=&#8221;none&#8221; column_border_radius=&#8221;none&#8221; column_link_target=&#8221;_self&#8221; column_position=&#8221;default&#8221; zindex=&#8221;100&#8243; gradient_direction=&#8221;left_to_right&#8221; overlay_strength=&#8221;0.3&#8243; width=&#8221;1\/2&#8243; tablet_width_inherit=&#8221;default&#8221; tablet_text_alignment=&#8221;default&#8221; phone_text_alignment=&#8221;default&#8221; animation_type=&#8221;default&#8221; bg_image_animation=&#8221;none&#8221; border_type=&#8221;simple&#8221; column_border_width=&#8221;none&#8221; column_border_style=&#8221;solid&#8221;][vc_row_inner column_margin=&#8221;default&#8221; column_direction=&#8221;default&#8221; column_direction_tablet=&#8221;default&#8221; column_direction_phone=&#8221;default&#8221; translate_x=&#8221;-28%&#8221; translate_x_tablet=&#8221;0%&#8221; translate_x_phone=&#8221;0%&#8221; text_align=&#8221;left&#8221; row_position=&#8221;default&#8221; row_position_tablet=&#8221;inherit&#8221; row_position_phone=&#8221;inherit&#8221; overflow=&#8221;visible&#8221; pointer_events=&#8221;all&#8221;][vc_column_inner column_padding=&#8221;padding-10-percent&#8221; column_padding_tablet=&#8221;inherit&#8221; column_padding_phone=&#8221;inherit&#8221; column_padding_position=&#8221;right&#8221; column_element_spacing=&#8221;default&#8221; background_color_opacity=&#8221;1&#8243; background_hover_color_opacity=&#8221;1&#8243; column_shadow=&#8221;none&#8221; column_border_radius=&#8221;none&#8221; column_link_target=&#8221;_self&#8221; gradient_direction=&#8221;left_to_right&#8221; overlay_strength=&#8221;0.3&#8243; width=&#8221;1\/1&#8243; tablet_width_inherit=&#8221;default&#8221; animation_type=&#8221;default&#8221; bg_image_animation=&#8221;none&#8221; border_type=&#8221;simple&#8221; column_border_width=&#8221;none&#8221; column_border_style=&#8221;solid&#8221;][nectar_highlighted_text color_type=&#8221;gradient&#8221; highlight_color=&#8221;#db0025&#8243; secondary_color=&#8221;rgba(255,107,48,0.01)&#8221; style=&#8221;half_text&#8221; custom_font_size=&#8221;7vh&#8221;]\n<h2>Danska <em>B2C-leads <\/em><\/h2>\n[\/nectar_highlighted_text][\/vc_column_inner][\/vc_row_inner][vc_row_inner column_margin=&#8221;default&#8221; column_direction=&#8221;default&#8221; column_direction_tablet=&#8221;default&#8221; column_direction_phone=&#8221;default&#8221; text_align=&#8221;left&#8221; row_position=&#8221;default&#8221; row_position_tablet=&#8221;inherit&#8221; row_position_phone=&#8221;inherit&#8221; overflow=&#8221;visible&#8221; pointer_events=&#8221;all&#8221;][vc_column_inner column_padding=&#8221;no-extra-padding&#8221; column_padding_tablet=&#8221;inherit&#8221; column_padding_phone=&#8221;inherit&#8221; column_padding_position=&#8221;all&#8221; top_margin=&#8221;40&#8243; top_margin_tablet=&#8221;0px&#8221; top_margin_phone=&#8221;0px&#8221; column_element_spacing=&#8221;default&#8221; background_color_opacity=&#8221;1&#8243; background_hover_color_opacity=&#8221;1&#8243; column_shadow=&#8221;none&#8221; column_border_radius=&#8221;none&#8221; column_link_target=&#8221;_self&#8221; gradient_direction=&#8221;left_to_right&#8221; overlay_strength=&#8221;0.3&#8243; width=&#8221;1\/1&#8243; tablet_width_inherit=&#8221;default&#8221; animation_type=&#8221;default&#8221; bg_image_animation=&#8221;none&#8221; border_type=&#8221;simple&#8221; column_border_width=&#8221;none&#8221; column_border_style=&#8221;solid&#8221;][vc_column_text css=&#8221;.vc_custom_1664278437975{padding-right: 10% !important;}&#8221;]\n<p data-pm-slice=\"1 1 []\">Att generera danska B2C-leads via giveaways och t\u00e4vlingar kan l\u00e4tt bli sura snabbt. Det kr\u00e4ver en stor f\u00f6rst\u00e5else f\u00f6r hur man lever upp till de lokala best\u00e4mmelser och riktlinjer som fastst\u00e4llts av det danska Forbrugerombudsmand. Det kr\u00e4vs ocks\u00e5 en teknisk kapacitet f\u00f6r att kunna s\u00e4kra, bevisa och dokumentera det givna marknadsf\u00f6ringsmedgivandet.<\/p>\n<p>Som varum\u00e4rkesrepresentant \u00e4r det viktigt att du har alla f\u00f6ruts\u00e4ttningar innan du f\u00f6rs\u00f6ker arrangera en egen giveaway.<\/p>\n<p>Som tur \u00e4r kan du alltid v\u00e4nda dig till oss. Vi kan garantera att din giveaway kommer att leva upp till standarderna och vi hj\u00e4lper dig att skapa landningssidor f\u00f6r din giveaway som uppfyller kraven och lever upp till alla standarder.<\/p>\n<p>Som kund beh\u00f6ver du bara tala om f\u00f6r oss vilken typ av giveaway eller t\u00e4vling du vill anordna och i vilket syfte. Vi bygger sedan upp kampanjen och v\u00e4gleder dig i marknadsf\u00f6ringsstrategin. Vi kan ocks\u00e5 hj\u00e4lpa dig att marknadsf\u00f6ra den via v\u00e5ra n\u00e4tverk, programplatser, konton i sociala medier och e-postlistor.<\/p>\n<p>Naturligtvis g\u00f6r vi detta p\u00e5 ett prestationsbaserat pris som alltid. Du betalar bara f\u00f6r resultatet och du kommer f\u00f6rmodligen att spara massor av pengar p\u00e5 de dyra verktygen som du skulle beh\u00f6va f\u00f6r att anordna en t\u00e4vling i processen.[\/vc_column_text][nectar_cta btn_style=&#8221;arrow-animation&#8221; heading_tag=&#8221;h5&#8243; text_color=&#8221;#000000&#8243; button_color=&#8221;default&#8221; button_border_thickness=&#8221;0px&#8221; link_type=&#8221;regular&#8221; alignment=&#8221;left&#8221; alignment_tablet=&#8221;default&#8221; alignment_phone=&#8221;default&#8221; display=&#8221;block&#8221; display_tablet=&#8221;inherit&#8221; display_phone=&#8221;inherit&#8221; link_text=&#8221;Kontakta oss&#8221; url=&#8221;https:\/\/www.nordic-leads.fi\/sv\/kontakt\/&#8221; margin_top=&#8221;10&#8243;][\/vc_column_inner][\/vc_row_inner][\/vc_column][\/vc_row]\n","protected":false},"excerpt":{"rendered":"<p>[vc_row type=&#8221;full_width_background&#8221; full_screen_row_position=&#8221;middle&#8221; column_margin=&#8221;90px&#8221; equal_height=&#8221;yes&#8221; content_placement=&#8221;middle&#8221; column_direction=&#8221;default&#8221; column_direction_tablet=&#8221;default&#8221; column_direction_phone=&#8221;default&#8221; bg_color=&#8221;#ffffff&#8221; scene_position=&#8221;center&#8221; top_padding=&#8221;4%&#8221; constrain_group_1=&#8221;yes&#8221; bottom_padding=&#8221;4%&#8221; top_padding_tablet=&#8221;15%&#8221; constrain_group_3=&#8221;yes&#8221; bottom_padding_tablet=&#8221;15%&#8221; text_color=&#8221;dark&#8221; text_align=&#8221;left&#8221; row_border_radius=&#8221;none&#8221; row_border_radius_applies=&#8221;bg&#8221; overflow=&#8221;visible&#8221; advanced_gradient_angle=&#8221;0&#8243; overlay_strength=&#8221;0.3&#8243; gradient_direction=&#8221;left_to_right&#8221; shape_divider_position=&#8221;bottom&#8221; bg_image_animation=&#8221;none&#8221; shape_type=&#8221;&#8221; gradient_type=&#8221;default&#8221;][vc_column column_padding=&#8221;no-extra-padding&#8221;&#8230;<\/p>\n","protected":false},"author":3,"featured_media":0,"parent":0,"menu_order":0,"comment_status":"closed","ping_status":"closed","template":"","meta":{"footnotes":""},"class_list":["post-2156","page","type-page","status-publish"],"yoast_head":"<!-- This site is optimized with the Yoast SEO plugin v25.0 - https:\/\/yoast.com\/wordpress\/plugins\/seo\/ -->\n<title>Danska B2C-leads | NORDICLEADS<\/title>\n<meta name=\"robots\" content=\"index, follow, max-snippet:-1, max-image-preview:large, max-video-preview:-1\" \/>\n<link rel=\"canonical\" href=\"https:\/\/www.nordic-leads.fi\/sv\/danska-b2c-leads\/\" \/>\n<meta property=\"og:locale\" content=\"sv_SE\" \/>\n<meta property=\"og:type\" content=\"article\" \/>\n<meta property=\"og:title\" content=\"Danska B2C-leads | NORDICLEADS\" \/>\n<meta property=\"og:description\" content=\"[vc_row type=&#8221;full_width_background&#8221; full_screen_row_position=&#8221;middle&#8221; column_margin=&#8221;90px&#8221; equal_height=&#8221;yes&#8221; content_placement=&#8221;middle&#8221; column_direction=&#8221;default&#8221; column_direction_tablet=&#8221;default&#8221; column_direction_phone=&#8221;default&#8221; bg_color=&#8221;#ffffff&#8221; scene_position=&#8221;center&#8221; top_padding=&#8221;4%&#8221; constrain_group_1=&#8221;yes&#8221; bottom_padding=&#8221;4%&#8221; top_padding_tablet=&#8221;15%&#8221; constrain_group_3=&#8221;yes&#8221; bottom_padding_tablet=&#8221;15%&#8221; text_color=&#8221;dark&#8221; text_align=&#8221;left&#8221; row_border_radius=&#8221;none&#8221; row_border_radius_applies=&#8221;bg&#8221; overflow=&#8221;visible&#8221; advanced_gradient_angle=&#8221;0&#8243; overlay_strength=&#8221;0.3&#8243; gradient_direction=&#8221;left_to_right&#8221; shape_divider_position=&#8221;bottom&#8221; bg_image_animation=&#8221;none&#8221; shape_type=&#8221;&#8221; gradient_type=&#8221;default&#8221;][vc_column column_padding=&#8221;no-extra-padding&#8221;...\" \/>\n<meta property=\"og:url\" content=\"https:\/\/www.nordic-leads.fi\/sv\/danska-b2c-leads\/\" \/>\n<meta property=\"og:site_name\" content=\"NORDICLEADS\" \/>\n<meta property=\"article:modified_time\" content=\"2022-10-27T13:21:42+00:00\" \/>\n<meta name=\"twitter:card\" content=\"summary_large_image\" \/>\n<meta name=\"twitter:label1\" content=\"Ber\u00e4knad l\u00e4stid\" \/>\n\t<meta name=\"twitter:data1\" content=\"2 minuter\" \/>\n<script type=\"application\/ld+json\" class=\"yoast-schema-graph\">{\"@context\":\"https:\/\/schema.org\",\"@graph\":[{\"@type\":\"WebPage\",\"@id\":\"https:\/\/www.nordic-leads.fi\/sv\/danska-b2c-leads\/\",\"url\":\"https:\/\/www.nordic-leads.fi\/sv\/danska-b2c-leads\/\",\"name\":\"Danska B2C-leads | NORDICLEADS\",\"isPartOf\":{\"@id\":\"https:\/\/www.nordic-leads.fi\/sv\/#website\"},\"datePublished\":\"2022-07-19T13:19:17+00:00\",\"dateModified\":\"2022-10-27T13:21:42+00:00\",\"breadcrumb\":{\"@id\":\"https:\/\/www.nordic-leads.fi\/sv\/danska-b2c-leads\/#breadcrumb\"},\"inLanguage\":\"sv-SE\",\"potentialAction\":[{\"@type\":\"ReadAction\",\"target\":[\"https:\/\/www.nordic-leads.fi\/sv\/danska-b2c-leads\/\"]}]},{\"@type\":\"BreadcrumbList\",\"@id\":\"https:\/\/www.nordic-leads.fi\/sv\/danska-b2c-leads\/#breadcrumb\",\"itemListElement\":[{\"@type\":\"ListItem\",\"position\":1,\"name\":\"Home\",\"item\":\"https:\/\/www.nordic-leads.fi\/sv\/\"},{\"@type\":\"ListItem\",\"position\":2,\"name\":\"Danska B2C-leads\"}]},{\"@type\":\"WebSite\",\"@id\":\"https:\/\/www.nordic-leads.fi\/sv\/#website\",\"url\":\"https:\/\/www.nordic-leads.fi\/sv\/\",\"name\":\"NORDICLEADS\",\"description\":\"NL | Data Delivered\",\"publisher\":{\"@id\":\"https:\/\/www.nordic-leads.fi\/sv\/#organization\"},\"potentialAction\":[{\"@type\":\"SearchAction\",\"target\":{\"@type\":\"EntryPoint\",\"urlTemplate\":\"https:\/\/www.nordic-leads.fi\/sv\/?s={search_term_string}\"},\"query-input\":{\"@type\":\"PropertyValueSpecification\",\"valueRequired\":true,\"valueName\":\"search_term_string\"}}],\"inLanguage\":\"sv-SE\"},{\"@type\":\"Organization\",\"@id\":\"https:\/\/www.nordic-leads.fi\/sv\/#organization\",\"name\":\"Nordic Leads\",\"url\":\"https:\/\/www.nordic-leads.fi\/sv\/\",\"logo\":{\"@type\":\"ImageObject\",\"inLanguage\":\"sv-SE\",\"@id\":\"https:\/\/www.nordic-leads.fi\/sv\/#\/schema\/logo\/image\/\",\"url\":\"https:\/\/www.nordic-leads.fi\/wp-content\/uploads\/2022\/04\/nordicleadslogo_black-1.png\",\"contentUrl\":\"https:\/\/www.nordic-leads.fi\/wp-content\/uploads\/2022\/04\/nordicleadslogo_black-1.png\",\"width\":2268,\"height\":846,\"caption\":\"Nordic Leads\"},\"image\":{\"@id\":\"https:\/\/www.nordic-leads.fi\/sv\/#\/schema\/logo\/image\/\"}}]}<\/script>\n<!-- \/ Yoast SEO plugin. -->","yoast_head_json":{"title":"Danska B2C-leads | NORDICLEADS","robots":{"index":"index","follow":"follow","max-snippet":"max-snippet:-1","max-image-preview":"max-image-preview:large","max-video-preview":"max-video-preview:-1"},"canonical":"https:\/\/www.nordic-leads.fi\/sv\/danska-b2c-leads\/","og_locale":"sv_SE","og_type":"article","og_title":"Danska B2C-leads | NORDICLEADS","og_description":"[vc_row type=&#8221;full_width_background&#8221; full_screen_row_position=&#8221;middle&#8221; column_margin=&#8221;90px&#8221; equal_height=&#8221;yes&#8221; content_placement=&#8221;middle&#8221; column_direction=&#8221;default&#8221; column_direction_tablet=&#8221;default&#8221; column_direction_phone=&#8221;default&#8221; bg_color=&#8221;#ffffff&#8221; scene_position=&#8221;center&#8221; top_padding=&#8221;4%&#8221; constrain_group_1=&#8221;yes&#8221; bottom_padding=&#8221;4%&#8221; top_padding_tablet=&#8221;15%&#8221; constrain_group_3=&#8221;yes&#8221; bottom_padding_tablet=&#8221;15%&#8221; text_color=&#8221;dark&#8221; text_align=&#8221;left&#8221; row_border_radius=&#8221;none&#8221; row_border_radius_applies=&#8221;bg&#8221; overflow=&#8221;visible&#8221; advanced_gradient_angle=&#8221;0&#8243; overlay_strength=&#8221;0.3&#8243; gradient_direction=&#8221;left_to_right&#8221; shape_divider_position=&#8221;bottom&#8221; bg_image_animation=&#8221;none&#8221; shape_type=&#8221;&#8221; gradient_type=&#8221;default&#8221;][vc_column column_padding=&#8221;no-extra-padding&#8221;...","og_url":"https:\/\/www.nordic-leads.fi\/sv\/danska-b2c-leads\/","og_site_name":"NORDICLEADS","article_modified_time":"2022-10-27T13:21:42+00:00","twitter_card":"summary_large_image","twitter_misc":{"Ber\u00e4knad l\u00e4stid":"2 minuter"},"schema":{"@context":"https:\/\/schema.org","@graph":[{"@type":"WebPage","@id":"https:\/\/www.nordic-leads.fi\/sv\/danska-b2c-leads\/","url":"https:\/\/www.nordic-leads.fi\/sv\/danska-b2c-leads\/","name":"Danska B2C-leads | NORDICLEADS","isPartOf":{"@id":"https:\/\/www.nordic-leads.fi\/sv\/#website"},"datePublished":"2022-07-19T13:19:17+00:00","dateModified":"2022-10-27T13:21:42+00:00","breadcrumb":{"@id":"https:\/\/www.nordic-leads.fi\/sv\/danska-b2c-leads\/#breadcrumb"},"inLanguage":"sv-SE","potentialAction":[{"@type":"ReadAction","target":["https:\/\/www.nordic-leads.fi\/sv\/danska-b2c-leads\/"]}]},{"@type":"BreadcrumbList","@id":"https:\/\/www.nordic-leads.fi\/sv\/danska-b2c-leads\/#breadcrumb","itemListElement":[{"@type":"ListItem","position":1,"name":"Home","item":"https:\/\/www.nordic-leads.fi\/sv\/"},{"@type":"ListItem","position":2,"name":"Danska B2C-leads"}]},{"@type":"WebSite","@id":"https:\/\/www.nordic-leads.fi\/sv\/#website","url":"https:\/\/www.nordic-leads.fi\/sv\/","name":"NORDICLEADS","description":"NL | Data Delivered","publisher":{"@id":"https:\/\/www.nordic-leads.fi\/sv\/#organization"},"potentialAction":[{"@type":"SearchAction","target":{"@type":"EntryPoint","urlTemplate":"https:\/\/www.nordic-leads.fi\/sv\/?s={search_term_string}"},"query-input":{"@type":"PropertyValueSpecification","valueRequired":true,"valueName":"search_term_string"}}],"inLanguage":"sv-SE"},{"@type":"Organization","@id":"https:\/\/www.nordic-leads.fi\/sv\/#organization","name":"Nordic Leads","url":"https:\/\/www.nordic-leads.fi\/sv\/","logo":{"@type":"ImageObject","inLanguage":"sv-SE","@id":"https:\/\/www.nordic-leads.fi\/sv\/#\/schema\/logo\/image\/","url":"https:\/\/www.nordic-leads.fi\/wp-content\/uploads\/2022\/04\/nordicleadslogo_black-1.png","contentUrl":"https:\/\/www.nordic-leads.fi\/wp-content\/uploads\/2022\/04\/nordicleadslogo_black-1.png","width":2268,"height":846,"caption":"Nordic Leads"},"image":{"@id":"https:\/\/www.nordic-leads.fi\/sv\/#\/schema\/logo\/image\/"}}]}},"_links":{"self":[{"href":"https:\/\/www.nordic-leads.fi\/sv\/wp-json\/wp\/v2\/pages\/2156","targetHints":{"allow":["GET"]}}],"collection":[{"href":"https:\/\/www.nordic-leads.fi\/sv\/wp-json\/wp\/v2\/pages"}],"about":[{"href":"https:\/\/www.nordic-leads.fi\/sv\/wp-json\/wp\/v2\/types\/page"}],"author":[{"embeddable":true,"href":"https:\/\/www.nordic-leads.fi\/sv\/wp-json\/wp\/v2\/users\/3"}],"replies":[{"embeddable":true,"href":"https:\/\/www.nordic-leads.fi\/sv\/wp-json\/wp\/v2\/comments?post=2156"}],"version-history":[{"count":23,"href":"https:\/\/www.nordic-leads.fi\/sv\/wp-json\/wp\/v2\/pages\/2156\/revisions"}],"predecessor-version":[{"id":2351,"href":"https:\/\/www.nordic-leads.fi\/sv\/wp-json\/wp\/v2\/pages\/2156\/revisions\/2351"}],"wp:attachment":[{"href":"https:\/\/www.nordic-leads.fi\/sv\/wp-json\/wp\/v2\/media?parent=2156"}],"curies":[{"name":"wp","href":"https:\/\/api.w.org\/{rel}","templated":true}]}}